{"id":1102,"date":"2020-11-11T17:30:32","date_gmt":"2020-11-11T17:30:32","guid":{"rendered":"http:\/\/astrophytum.com\/?page_id=1102"},"modified":"2020-11-11T17:30:32","modified_gmt":"2020-11-11T17:30:32","slug":"kultivar-astrophytum-asterias-cv-hanazono","status":"publish","type":"page","link":"https:\/\/astrophytum.com\/?page_id=1102","title":{"rendered":"Kultivar Astrophytum asterias cv. Hanazono"},"content":{"rendered":"\n<figure class=\"wp-block-image\"><img loading=\"lazy\" decoding=\"async\" width=\"1024\" height=\"683\" src=\"https:\/\/astrophytum.com\/wp-content\/uploads\/2020\/11\/P1320797-1024x683.jpg\" alt=\"\" class=\"wp-image-1104\" srcset=\"https:\/\/astrophytum.com\/wp-content\/uploads\/2020\/11\/P1320797-1024x683.jpg 1024w, https:\/\/astrophytum.com\/wp-content\/uploads\/2020\/11\/P1320797-300x200.jpg 300w, https:\/\/astrophytum.com\/wp-content\/uploads\/2020\/11\/P1320797-768x512.jpg 768w\" sizes=\"auto, (max-width: 1024px) 100vw, 1024px\" \/><figcaption>Kultivar <em>Astrophytum asterias cv. Hanazono<\/em><br><\/figcaption><\/figure>\n\n\n\n<p> Japanischer <em>Astrophytum asterias <\/em>Kultivar.<br>Der die Wollflocken zu dicken, wolligen P\u00fcscheln und Flockenfelder ausbildet.<br>Je \u00e4lter die Pflanzen werden, desto sch\u00f6ner wird die wei\u00dfe Bewollung.<br>Die Bl\u00fcten k\u00f6nnen zwischen den Rippen aber auch aus der Mitte der Rippe erscheinen. <\/p>\n\n\n\n<figure class=\"wp-block-image\"><img loading=\"lazy\" decoding=\"async\" width=\"1024\" height=\"683\" src=\"https:\/\/astrophytum.com\/wp-content\/uploads\/2020\/11\/P1350004-1024x683.jpg\" alt=\"\" class=\"wp-image-1107\" srcset=\"https:\/\/astrophytum.com\/wp-content\/uploads\/2020\/11\/P1350004-1024x683.jpg 1024w, https:\/\/astrophytum.com\/wp-content\/uploads\/2020\/11\/P1350004-300x200.jpg 300w, https:\/\/astrophytum.com\/wp-content\/uploads\/2020\/11\/P1350004-768x512.jpg 768w\" sizes=\"auto, (max-width: 1024px) 100vw, 1024px\" \/><figcaption><em>Kultivar Astrophytum asterias cv. Hanazono<\/em><\/figcaption><\/figure>\n\n\n\n<figure class=\"wp-block-image\"><img loading=\"lazy\" decoding=\"async\" width=\"1024\" height=\"683\" src=\"https:\/\/astrophytum.com\/wp-content\/uploads\/2020\/11\/P1360545kl-1024x683.jpg\" alt=\"\" class=\"wp-image-1108\" srcset=\"https:\/\/astrophytum.com\/wp-content\/uploads\/2020\/11\/P1360545kl-1024x683.jpg 1024w, https:\/\/astrophytum.com\/wp-content\/uploads\/2020\/11\/P1360545kl-300x200.jpg 300w, https:\/\/astrophytum.com\/wp-content\/uploads\/2020\/11\/P1360545kl-768x512.jpg 768w\" sizes=\"auto, (max-width: 1024px) 100vw, 1024px\" \/><figcaption> <em>Kultivar Astrophytum asterias cv. Hanazono <\/em>mit seitlicher Bl\u00fcte<\/figcaption><\/figure>\n\n\n\n<figure class=\"wp-block-image\"><img loading=\"lazy\" decoding=\"async\" width=\"1024\" height=\"683\" src=\"https:\/\/astrophytum.com\/wp-content\/uploads\/2020\/11\/P1390674-1024x683.jpg\" alt=\"\" class=\"wp-image-1109\" srcset=\"https:\/\/astrophytum.com\/wp-content\/uploads\/2020\/11\/P1390674-1024x683.jpg 1024w, https:\/\/astrophytum.com\/wp-content\/uploads\/2020\/11\/P1390674-300x200.jpg 300w, https:\/\/astrophytum.com\/wp-content\/uploads\/2020\/11\/P1390674-768x512.jpg 768w\" sizes=\"auto, (max-width: 1024px) 100vw, 1024px\" \/><figcaption><em>Kultivar Astrophytum asterias cv. Hanazono<\/em><\/figcaption><\/figure>\n\n\n\n<h2 class=\"wp-block-heading\"><\/h2>\n\n\n\n<p><\/p>\n","protected":false},"excerpt":{"rendered":"<p>Japanischer Astrophytum asterias Kultivar.Der die Wollflocken zu dicken, wolligen P\u00fcscheln und Flockenfelder ausbildet.Je \u00e4lter die Pflanzen werden, desto sch\u00f6ner wird die wei\u00dfe Bewollung.Die Bl\u00fcten k\u00f6nnen zwischen den Rippen aber auch aus der Mitte der Rippe erscheinen.<\/p>\n","protected":false},"author":1,"featured_media":0,"parent":865,"menu_order":0,"comment_status":"closed","ping_status":"closed","template":"","meta":{"footnotes":""},"class_list":["post-1102","page","type-page","status-publish","hentry"],"_links":{"self":[{"href":"https:\/\/astrophytum.com\/index.php?rest_route=\/wp\/v2\/pages\/1102","targetHints":{"allow":["GET"]}}],"collection":[{"href":"https:\/\/astrophytum.com\/index.php?rest_route=\/wp\/v2\/pages"}],"about":[{"href":"https:\/\/astrophytum.com\/index.php?rest_route=\/wp\/v2\/types\/page"}],"author":[{"embeddable":true,"href":"https:\/\/astrophytum.com\/index.php?rest_route=\/wp\/v2\/users\/1"}],"replies":[{"embeddable":true,"href":"https:\/\/astrophytum.com\/index.php?rest_route=%2Fwp%2Fv2%2Fcomments&post=1102"}],"version-history":[{"count":5,"href":"https:\/\/astrophytum.com\/index.php?rest_route=\/wp\/v2\/pages\/1102\/revisions"}],"predecessor-version":[{"id":1111,"href":"https:\/\/astrophytum.com\/index.php?rest_route=\/wp\/v2\/pages\/1102\/revisions\/1111"}],"up":[{"embeddable":true,"href":"https:\/\/astrophytum.com\/index.php?rest_route=\/wp\/v2\/pages\/865"}],"wp:attachment":[{"href":"https:\/\/astrophytum.com\/index.php?rest_route=%2Fwp%2Fv2%2Fmedia&parent=1102"}],"curies":[{"name":"wp","href":"https:\/\/api.w.org\/{rel}","templated":true}]}}