{"id":1138,"date":"2020-11-15T17:04:30","date_gmt":"2020-11-15T17:04:30","guid":{"rendered":"http:\/\/astrophytum.com\/?page_id=1138"},"modified":"2020-11-15T17:04:30","modified_gmt":"2020-11-15T17:04:30","slug":"hybride-astrophytum-myriostigma-var-nudum-x-astrophytum-asterias","status":"publish","type":"page","link":"https:\/\/astrophytum.com\/?page_id=1138","title":{"rendered":"Hybride Astrophytum myriostigma var. nudum X Astrophytum asterias"},"content":{"rendered":"\n<figure class=\"wp-block-image\"><img loading=\"lazy\" decoding=\"async\" width=\"1024\" height=\"683\" src=\"https:\/\/astrophytum.com\/wp-content\/uploads\/2020\/11\/P1390625kl-1024x683.jpg\" alt=\"\" class=\"wp-image-1139\" srcset=\"https:\/\/astrophytum.com\/wp-content\/uploads\/2020\/11\/P1390625kl-1024x683.jpg 1024w, https:\/\/astrophytum.com\/wp-content\/uploads\/2020\/11\/P1390625kl-300x200.jpg 300w, https:\/\/astrophytum.com\/wp-content\/uploads\/2020\/11\/P1390625kl-768x512.jpg 768w\" sizes=\"auto, (max-width: 1024px) 100vw, 1024px\" \/><figcaption>Hybride <em>Astrophytum myriostigma var. nudum<\/em> X <em>Astrophytum asterias<\/em><\/figcaption><\/figure>\n\n\n\n<p>Beide Eltern konnten dieser atraktiven Hybride markante Merkmale ihrer eigenen Art vererben. <br><em>Astrophytum myriostigma var. nudum<\/em> als Mutter ist f\u00fcr den gro\u00dfen Habitus, den Aufbau der Fr\u00fcchte sowie die fast flockenlose Epidermis verantwortlich. <br><em>Astrophytum asterias<\/em> konnte die Anzahl der Rippen sowie die Bl\u00fcte einbringen. <\/p>\n\n\n\n<figure class=\"wp-block-image\"><img loading=\"lazy\" decoding=\"async\" width=\"1024\" height=\"683\" src=\"https:\/\/astrophytum.com\/wp-content\/uploads\/2020\/11\/P1070956kl-1024x683.jpg\" alt=\"\" class=\"wp-image-1140\" srcset=\"https:\/\/astrophytum.com\/wp-content\/uploads\/2020\/11\/P1070956kl-1024x683.jpg 1024w, https:\/\/astrophytum.com\/wp-content\/uploads\/2020\/11\/P1070956kl-300x200.jpg 300w, https:\/\/astrophytum.com\/wp-content\/uploads\/2020\/11\/P1070956kl-768x512.jpg 768w\" sizes=\"auto, (max-width: 1024px) 100vw, 1024px\" \/><figcaption>Hybride <em>Astrophytum myriostigma var. nudum<\/em> X <em>Astrophytum asterias<\/em><\/figcaption><\/figure>\n\n\n\n<figure class=\"wp-block-image\"><img loading=\"lazy\" decoding=\"async\" width=\"1024\" height=\"683\" src=\"https:\/\/astrophytum.com\/wp-content\/uploads\/2020\/11\/P1070957kl-1024x683.jpg\" alt=\"\" class=\"wp-image-1141\" srcset=\"https:\/\/astrophytum.com\/wp-content\/uploads\/2020\/11\/P1070957kl-1024x683.jpg 1024w, https:\/\/astrophytum.com\/wp-content\/uploads\/2020\/11\/P1070957kl-300x200.jpg 300w, https:\/\/astrophytum.com\/wp-content\/uploads\/2020\/11\/P1070957kl-768x512.jpg 768w\" sizes=\"auto, (max-width: 1024px) 100vw, 1024px\" \/><figcaption>Hybride <em>Astrophytum myriostigma var. nudum<\/em> X <em>Astrophytum asterias<\/em><\/figcaption><\/figure>\n\n\n\n<p>  <\/p>\n","protected":false},"excerpt":{"rendered":"<p>Beide Eltern konnten dieser atraktiven Hybride markante Merkmale ihrer eigenen Art vererben. Astrophytum myriostigma var. nudum als Mutter ist f\u00fcr den gro\u00dfen Habitus, den Aufbau der Fr\u00fcchte sowie die fast flockenlose Epidermis verantwortlich. Astrophytum asterias konnte die Anzahl der Rippen <a class=\"more-link\" href=\"https:\/\/astrophytum.com\/?page_id=1138\">weiterlesen&#8230;<\/a><\/p>\n","protected":false},"author":1,"featured_media":0,"parent":861,"menu_order":0,"comment_status":"closed","ping_status":"closed","template":"","meta":{"footnotes":""},"class_list":["post-1138","page","type-page","status-publish","hentry"],"_links":{"self":[{"href":"https:\/\/astrophytum.com\/index.php?rest_route=\/wp\/v2\/pages\/1138","targetHints":{"allow":["GET"]}}],"collection":[{"href":"https:\/\/astrophytum.com\/index.php?rest_route=\/wp\/v2\/pages"}],"about":[{"href":"https:\/\/astrophytum.com\/index.php?rest_route=\/wp\/v2\/types\/page"}],"author":[{"embeddable":true,"href":"https:\/\/astrophytum.com\/index.php?rest_route=\/wp\/v2\/users\/1"}],"replies":[{"embeddable":true,"href":"https:\/\/astrophytum.com\/index.php?rest_route=%2Fwp%2Fv2%2Fcomments&post=1138"}],"version-history":[{"count":1,"href":"https:\/\/astrophytum.com\/index.php?rest_route=\/wp\/v2\/pages\/1138\/revisions"}],"predecessor-version":[{"id":1142,"href":"https:\/\/astrophytum.com\/index.php?rest_route=\/wp\/v2\/pages\/1138\/revisions\/1142"}],"up":[{"embeddable":true,"href":"https:\/\/astrophytum.com\/index.php?rest_route=\/wp\/v2\/pages\/861"}],"wp:attachment":[{"href":"https:\/\/astrophytum.com\/index.php?rest_route=%2Fwp%2Fv2%2Fmedia&parent=1138"}],"curies":[{"name":"wp","href":"https:\/\/api.w.org\/{rel}","templated":true}]}}