{"id":2,"date":"2016-05-10T03:48:21","date_gmt":"2016-05-10T03:48:21","guid":{"rendered":"http:\/\/astrophytum.com\/?page_id=2"},"modified":"2019-02-05T17:35:06","modified_gmt":"2019-02-05T17:35:06","slug":"sample-page","status":"publish","type":"page","link":"https:\/\/astrophytum.com\/?page_id=2","title":{"rendered":"Kontakt\/Impressum\/Datenschutzerkl\u00e4rung"},"content":{"rendered":"<table border=\"0\" width=\"722\" cellspacing=\"0\" cellpadding=\"0\">\n<tbody>\n<tr align=\"LEFT\" valign=\"TOP\">\n<td colspan=\"2\" width=\"497\">&nbsp;<\/p>\n<p>&nbsp;<\/p>\n<h1><strong><span style=\"color: #808080;\">Kontakt:<\/span><\/strong><\/h1>\n<p>&nbsp;<\/p>\n<p><span style=\"color: #808080;\"><b><i><span style=\"font-family: Arial,Helvetica,Geneva,Sans-serif;\">Klaus-Peter Kleszewski<\/span><\/i><\/b><\/span><\/p>\n<p><span style=\"color: #808080;\"><b><i><span style=\"font-family: Arial,Helvetica,Geneva,Sans-serif;\">Im Br\u00fcckfeld 4<\/span><\/i><\/b><\/span><\/p>\n<p><span style=\"color: #808080;\"><b><i><span style=\"font-family: Arial,Helvetica,Geneva,Sans-serif;\">D-65207 Wiesbaden<\/span><\/i><\/b><\/span><\/p>\n<p><em><strong>webmaster@kleszewski.de<\/strong><\/em><\/p>\n<p><span style=\"color: #808080;\">Alle ver\u00f6ffentlichten Bilder stammen wenn nicht anders vermerkt vom Autor.<i><\/i><b><i><br \/>\n<\/i><\/b><\/span><\/p>\n<p><span style=\"color: #808080;\">Nutzung der Bilder nur mit Genehmigung des Autors!<\/span><\/p>\n<p>&nbsp;<\/p>\n<h2><strong><span style=\"color: #808080;\">Haftungsausschluss<\/span><\/strong><\/h2>\n<p class=\"bodytext\"><span style=\"color: #808080;\">Mit Urteil vom 12. Mai 1998 (312 O 85\/98) hat das Landgericht Hamburg entschieden, dass man durch das Setzen eines Links die Inhalte der gelinkten Seite mit zu verantworten hat. Dies kann nur dadurch verhindert werden, dass man sich ausdr\u00fccklich von diesen Inhalten distanziert. F\u00fcr alle Links, die von unseren Internetseiten zu anderen Internetseiten f\u00fchren, gilt: Der Autor erkl\u00e4rt ausdr\u00fccklich, dass er keinerlei Einfluss auf die Gestaltung und die Inhalte der gelinkten Seiten hat. Deshalb distanziert sich der Autor hiermit ausdr\u00fccklich von allen Inhalten aller\u00a0gelinkten Seiten und machen sich diese Inhalte nicht zu eigen. F\u00fcr den Inhalt, die Aktualit\u00e4t und die Gestaltung der einzelnen Webseiten sind die Betreiber selbst verantwortlich!<\/span><\/p>\n<\/td>\n<\/tr>\n<tr align=\"LEFT\" valign=\"TOP\">\n<td colspan=\"5\" height=\"18\"><\/td>\n<\/tr>\n<tr align=\"LEFT\" valign=\"TOP\">\n<td colspan=\"3\">\n<h1><strong>Datenschutzerkl\u00e4rung:<\/strong><\/h1>\n<p>Datenschutzerkl\u00e4rung<\/p>\n<p><strong>Erfassung allgemeiner Informationen<\/strong><\/p>\n<p>Wenn Sie auf unsere Webseite zugreifen, werden automatisch Informationen allgemeiner Natur erfasst. Diese Informationen (Server-Logfiles) beinhalten etwa die Art des Webbrowsers, das verwendete Betriebssystem, den Domainnamen Ihres Internet Service Providers und \u00c4hnliches. Hierbei handelt es sich ausschlie\u00dflich um Informationen, welche keine R\u00fcckschl\u00fcsse auf Ihre Person zulassen. Diese Informationen sind technisch notwendig, um von Ihnen angeforderte Inhalte von Webseiten korrekt auszuliefern und fallen bei Nutzung des Internets zwingend an. Anonyme Informationen dieser Art werden von uns statistisch ausgewertet, um unseren Internetauftritt und die dahinter stehende Technik zu optimieren.<\/p>\n<p><strong>Erfassung personenbezogener Daten<\/strong><\/p>\n<p>Es werden von Nutzern dieser Website keine personenbezogenen Daten erfasst.<\/p>\n<p>Vom Redakteur der Website erfassen wir zu Autorisierungszwecken Vor- und Nachname, Adresse\u00a0sowie dessen E-Mailadressen, die nur zur\u00a0Zweck\u00a0der Kontaktaufnahme von Nutzern mit dem Redakteur ver\u00f6ffentlicht wird.<\/p>\n<p><strong>\u00c4nderung unserer Datenschutzbestimmungen<\/strong><\/p>\n<p>Der Betreiber der Seite beh\u00e4lt sich vor, diese Datenschutzerkl\u00e4rung gelegentlich anzupassen, damit sie stets den aktuellen rechtlichen Anforderungen entspricht oder um \u00c4nderungen von Leistungen in der Datenschutzerkl\u00e4rung umzusetzen, z. B. bei der Einf\u00fchrung neuer Services. F\u00fcr Ihren erneuten Besuch gilt dann die neue Datenschutzerkl\u00e4rung.<\/p>\n<p>&nbsp;<\/td>\n<td width=\"433\"><span style=\"font-family: Arial,Helvetica,Geneva,Sans-serif,sans-serif;\">\u00a0<\/span><\/td>\n<\/tr>\n<\/tbody>\n<\/table>\n","protected":false},"excerpt":{"rendered":"<p>&nbsp; &nbsp; Kontakt: &nbsp; Klaus-Peter Kleszewski Im Br\u00fcckfeld 4 D-65207 Wiesbaden webmaster@kleszewski.de Alle ver\u00f6ffentlichten Bilder stammen wenn nicht anders vermerkt vom Autor. Nutzung der Bilder nur mit Genehmigung des Autors! &nbsp; Haftungsausschluss Mit Urteil vom 12. Mai 1998 (312 O <a class=\"more-link\" href=\"https:\/\/astrophytum.com\/?page_id=2\">weiterlesen&#8230;<\/a><\/p>\n","protected":false},"author":1,"featured_media":0,"parent":0,"menu_order":0,"comment_status":"closed","ping_status":"open","template":"","meta":{"footnotes":""},"class_list":["post-2","page","type-page","status-publish","hentry"],"_links":{"self":[{"href":"https:\/\/astrophytum.com\/index.php?rest_route=\/wp\/v2\/pages\/2","targetHints":{"allow":["GET"]}}],"collection":[{"href":"https:\/\/astrophytum.com\/index.php?rest_route=\/wp\/v2\/pages"}],"about":[{"href":"https:\/\/astrophytum.com\/index.php?rest_route=\/wp\/v2\/types\/page"}],"author":[{"embeddable":true,"href":"https:\/\/astrophytum.com\/index.php?rest_route=\/wp\/v2\/users\/1"}],"replies":[{"embeddable":true,"href":"https:\/\/astrophytum.com\/index.php?rest_route=%2Fwp%2Fv2%2Fcomments&post=2"}],"version-history":[{"count":6,"href":"https:\/\/astrophytum.com\/index.php?rest_route=\/wp\/v2\/pages\/2\/revisions"}],"predecessor-version":[{"id":889,"href":"https:\/\/astrophytum.com\/index.php?rest_route=\/wp\/v2\/pages\/2\/revisions\/889"}],"wp:attachment":[{"href":"https:\/\/astrophytum.com\/index.php?rest_route=%2Fwp%2Fv2%2Fmedia&parent=2"}],"curies":[{"name":"wp","href":"https:\/\/api.w.org\/{rel}","templated":true}]}}