{"id":207,"date":"2017-10-05T13:34:17","date_gmt":"2017-10-05T13:34:17","guid":{"rendered":"http:\/\/astrophytum.com\/?page_id=207"},"modified":"2017-10-06T14:26:01","modified_gmt":"2017-10-06T14:26:01","slug":"astrophytum-capricorne-var-crassispinum","status":"publish","type":"page","link":"https:\/\/astrophytum.com\/?page_id=207","title":{"rendered":"Astrophytum capricorne var. crassispinum"},"content":{"rendered":"<div id=\"attachment_208\" style=\"width: 550px\" class=\"wp-caption alignnone\"><img loading=\"lazy\" decoding=\"async\" aria-describedby=\"caption-attachment-208\" class=\"wp-image-208 size-large\" src=\"https:\/\/astrophytum.com\/wp-content\/uploads\/2017\/10\/P1060065-1024x768.jpg\" alt=\"\" width=\"540\" height=\"405\" srcset=\"https:\/\/astrophytum.com\/wp-content\/uploads\/2017\/10\/P1060065-1024x768.jpg 1024w, https:\/\/astrophytum.com\/wp-content\/uploads\/2017\/10\/P1060065-300x225.jpg 300w, https:\/\/astrophytum.com\/wp-content\/uploads\/2017\/10\/P1060065-768x576.jpg 768w\" sizes=\"auto, (max-width: 540px) 100vw, 540px\" \/><p id=\"caption-attachment-208\" class=\"wp-caption-text\"><em>Astrophytum capricorne var. crassispinum<\/em><\/p><\/div>\n<div id=\"attachment_209\" style=\"width: 550px\" class=\"wp-caption alignnone\"><img loading=\"lazy\" decoding=\"async\" aria-describedby=\"caption-attachment-209\" class=\"wp-image-209 size-large\" src=\"https:\/\/astrophytum.com\/wp-content\/uploads\/2017\/10\/P1060059-1024x768.jpg\" alt=\"\" width=\"540\" height=\"405\" srcset=\"https:\/\/astrophytum.com\/wp-content\/uploads\/2017\/10\/P1060059-1024x768.jpg 1024w, https:\/\/astrophytum.com\/wp-content\/uploads\/2017\/10\/P1060059-300x225.jpg 300w, https:\/\/astrophytum.com\/wp-content\/uploads\/2017\/10\/P1060059-768x576.jpg 768w\" sizes=\"auto, (max-width: 540px) 100vw, 540px\" \/><p id=\"caption-attachment-209\" class=\"wp-caption-text\"><em>Astrophytum capricorne var. crassispinum<\/em><\/p><\/div>\n<div id=\"attachment_212\" style=\"width: 550px\" class=\"wp-caption alignnone\"><img loading=\"lazy\" decoding=\"async\" aria-describedby=\"caption-attachment-212\" class=\"wp-image-212 size-large\" src=\"https:\/\/astrophytum.com\/wp-content\/uploads\/2017\/10\/P1060110-1024x768.jpg\" alt=\"\" width=\"540\" height=\"405\" srcset=\"https:\/\/astrophytum.com\/wp-content\/uploads\/2017\/10\/P1060110-1024x768.jpg 1024w, https:\/\/astrophytum.com\/wp-content\/uploads\/2017\/10\/P1060110-300x225.jpg 300w, https:\/\/astrophytum.com\/wp-content\/uploads\/2017\/10\/P1060110-768x576.jpg 768w\" sizes=\"auto, (max-width: 540px) 100vw, 540px\" \/><p id=\"caption-attachment-212\" class=\"wp-caption-text\"><em>Astrophytum capricorne var. crassispinum<\/em><\/p><\/div>\n<div id=\"attachment_210\" style=\"width: 550px\" class=\"wp-caption alignnone\"><img loading=\"lazy\" decoding=\"async\" aria-describedby=\"caption-attachment-210\" class=\"wp-image-210 size-large\" src=\"https:\/\/astrophytum.com\/wp-content\/uploads\/2017\/10\/P1060083-1024x768.jpg\" alt=\"\" width=\"540\" height=\"405\" srcset=\"https:\/\/astrophytum.com\/wp-content\/uploads\/2017\/10\/P1060083-1024x768.jpg 1024w, https:\/\/astrophytum.com\/wp-content\/uploads\/2017\/10\/P1060083-300x225.jpg 300w, https:\/\/astrophytum.com\/wp-content\/uploads\/2017\/10\/P1060083-768x576.jpg 768w\" sizes=\"auto, (max-width: 540px) 100vw, 540px\" \/><p id=\"caption-attachment-210\" class=\"wp-caption-text\"><em>Astrophytum capricorne var. crassispinum<\/em><\/p><\/div>\n<div id=\"attachment_211\" style=\"width: 550px\" class=\"wp-caption alignnone\"><img loading=\"lazy\" decoding=\"async\" aria-describedby=\"caption-attachment-211\" class=\"wp-image-211 size-large\" src=\"https:\/\/astrophytum.com\/wp-content\/uploads\/2017\/10\/P1060102-1024x768.jpg\" alt=\"\" width=\"540\" height=\"405\" srcset=\"https:\/\/astrophytum.com\/wp-content\/uploads\/2017\/10\/P1060102-1024x768.jpg 1024w, https:\/\/astrophytum.com\/wp-content\/uploads\/2017\/10\/P1060102-300x225.jpg 300w, https:\/\/astrophytum.com\/wp-content\/uploads\/2017\/10\/P1060102-768x576.jpg 768w\" sizes=\"auto, (max-width: 540px) 100vw, 540px\" \/><p id=\"caption-attachment-211\" class=\"wp-caption-text\"><em>Astrophytum capricorne var. crassispinum<\/em><\/p><\/div>\n<div id=\"attachment_213\" style=\"width: 550px\" class=\"wp-caption alignnone\"><img loading=\"lazy\" decoding=\"async\" aria-describedby=\"caption-attachment-213\" class=\"wp-image-213 size-large\" src=\"https:\/\/astrophytum.com\/wp-content\/uploads\/2017\/10\/P1060127-1024x768.jpg\" alt=\"\" width=\"540\" height=\"405\" srcset=\"https:\/\/astrophytum.com\/wp-content\/uploads\/2017\/10\/P1060127-1024x768.jpg 1024w, https:\/\/astrophytum.com\/wp-content\/uploads\/2017\/10\/P1060127-300x225.jpg 300w, https:\/\/astrophytum.com\/wp-content\/uploads\/2017\/10\/P1060127-768x576.jpg 768w\" sizes=\"auto, (max-width: 540px) 100vw, 540px\" \/><p id=\"caption-attachment-213\" class=\"wp-caption-text\"><em>Astrophytum capricorne var. crassispinum<\/em><\/p><\/div>\n<p align=\"LEFT\"><i><span style=\"font-family: Arial,Helvetica,Geneva,Sans-serif,sans-serif;\">Astrophytum capricorne var. crassispinum<\/span> (H. M\u00f6ller) Okumura<\/i><\/p>\n<p align=\"LEFT\"><span style=\"font-family: Arial,Helvetica,Geneva,Sans-serif,sans-serif;\">Viele Liebhaber der Gattung <em>Astrophytum<\/em> haben sich immer wieder mit <em>Astrophytum capricorne var. crassispinum<\/em><\/span> (H. M\u00f6ller) Okumura besch\u00e4ftigt und die unterschiedlichsten Meinungen wurden immer wieder, teils sehr kontrovers, diskutiert.<\/p>\n<p align=\"LEFT\"><span style=\"font-family: Arial,Helvetica,Geneva,Sans-serif,sans-serif;\">Was macht dieses Thema so gehaltvoll, um immer wieder Diskussionen entbrennen zu lassen?<br \/>\nSicher liegt es mit daran, dass nach seiner Erstbeschreibung durch Heinrich M\u00f6ller im Jahr 1925\u00a0 Pflanzen auf die die Merkmale dieser Beschreibung passen, nicht wieder im beschriebenen Habitat gefunden wurden. In der Folge ein paar Ausz\u00fcge aus der Erstbeschreibung:<\/span><\/p>\n<p align=\"LEFT\"><span style=\"font-family: Arial,Helvetica,Geneva,Sans-serif,sans-serif;\"><u>K\u00f6rper<\/u>: kugel- bis kegelf\u00f6rmig 15 cm hoch, 8-9 cm im Durchmesser<br \/>\n<u>Epidermis<\/u>: gefundene Exemplare teilweise nackt bzw. ist ein Teil der Pflanzen mit regellosen hellen Wollflocken bedeckt.<br \/>\n\u2013 Bemerkung: In alten Literaturen sind immer die beflockten Exemplare abgebildet.-<br \/>\n<u>Rippen<\/u>: immer 8, scharfkantig<br \/>\n<u>Areolen<\/u>: 20 mm voneinander entfernt, bis 6 mm gro\u00df anfangs mit gelblichen Haaren, welche sp\u00e4ter vergrauen und verfilzen.<br \/>\n<u>Bedornung<\/u>: plattgedr\u00fcckt, sehr dick, in der Jugend braunschwarz, sp\u00e4ter grauwei\u00df, kreidig.<br \/>\nDas untere Dornenpaar ist am st\u00e4rksten, bogenf\u00f6rmig nach links und rechts von der Pflanze abstehend mit nach oben gebogenen Spitzen.<br \/>\n<u>Bl\u00fcte<\/u>: gelb, Schlund der Bl\u00fcte ist schwefelgelb.<br \/>\n<u>Frucht und Samen<\/u>: wie beim Typ und den anderen Variet\u00e4ten.<br \/>\n<u>Heimat<\/u>: Sierra de Parras, Coahuila <\/span><\/p>\n<p align=\"LEFT\"><span style=\"font-family: Arial,Helvetica,Geneva,Sans-serif,sans-serif;\">Um das Wissen dieser Merkmale wurden die unterschiedlichsten Habitate durchforscht und die entdeckten Exemplare eingehend analysiert. Sehr schnell wurde dabei klar, dass der angegebene Standort die Sierra de Parras wohl anzuzweifeln ist. Zwar gedeihen in der sehr weitl\u00e4ufigen Sierra die Arten <em>Astrophytum capricorne var. capricorne<\/em><\/span> (A. Dietrich) Britton et Rose, <em>Astrophytum capricorne var. senile<\/em> (Fric) Okumura und Astrophytum <em><span style=\"font-family: Arial,Helvetica,Geneva,Sans-serif,sans-serif;\">coahuilense<\/span><\/em> (H. M\u00f6ller) Kayser, <span style=\"font-family: Arial,Helvetica,Geneva,Sans-serif,sans-serif;\">aber Pflanzen die den Merkmalen der Erstbeschreibung entsprechen, wurden in dieser Region bis heute nicht entdeckt.<\/span><\/p>\n<p align=\"LEFT\"><span style=\"font-family: Arial,Helvetica,Geneva,Sans-serif,sans-serif;\">Umso interessanter sind die Verbreitungsgebiete rund um die Ortschaft Cuatro Cienegas bzw. im gleichnamigen Bolson im Norden von Coahuila. In dieser Region wurden immer wieder einzelne Fundorte der Gattung <em>Astrophytum <\/em><\/span> bekannt, deren Pflanzen in ihrem Habitus sehr stark an <em>Astrophytum capricorne var. crassispinum<\/em> erinnern. Letztendlich aber scheiterte es immer wieder daran, dass einzelne Merkmale fehlten bzw. es in der Regel einzelne Exemplare waren welche unter einer Vielzahl von entdeckten Pflanzen dem \u201eCrassispinum\u201c sehr \u00e4hnlich waren. Ein in sich abgeschlossenes Habitat, mit Pflanzen des gleichen Typs, der alle Merkmale aus der Beschreibung von H. M\u00f6ller beinhaltet, wurde bis heute ebenfalls nicht entdeckt.<br \/>\nIn der Kultur befinden sich die unterschiedlichsten Nachkommen, welche mit einigen Merkmalen der Erstbeschreibung \u00fcbereinstimmen. Leider sind\u00a0 teilweise die gesicherten Nachweise der Herkunft nicht mehr vorhanden oder unklar. Unsicherheit besteht auch \u00fcber die Praxis der Vermehrung. Wurde immer ein sortenreiner Same erzielt? Oder hat das eine oder andere Insekt bei der Best\u00e4ubung nachgeholfen?<br \/>\nPeter Momberger bestimmte 2007 einen Neotypus (ULM-18572), die er als Variet\u00e4t zu <em>Astrophytum var. senile<\/em> stellte. Beheimatet im \u00f6stlichen Teil des Bolson von Quatro Cienegas.<br \/>\n2013 gab es von Richard R. Montanucci und Heinz Hoock eine \u00dcberpr\u00fcfung dieser Neutypisierung mit der Empfehlung, den 2007 beschriebenen Neotypus aufzuheben und daf\u00fcr den Neotypus (ZSS-019963) einzusetzen. Dieser Neotypus ist im westlichen Gebiet des Bolson von Quatro Cienegas beheimatet und zusammen mit <em><span style=\"font-family: Arial,Helvetica,Geneva,Sans-serif,sans-serif;\">Astrophytum capricorne var. niveum<\/span><\/em> (Kayser) Okumura anzutreffen. In diesem Gebiet wachsen nudale und dicht beflockte Pflanzen unmittelbar nebeneinander.<br \/>\nBetrachtet man sich jetzt einmal die einzelnen Erstbeschreibungen in chronologischer Folge, so wird\u00a0 ersichtlich, dass <em>Astrophytum capricorne var. niveum<\/em> (Kayser) Okumura erst im Jahr 1933 beschrieben wurde. Also acht Jahre sp\u00e4ter als <span style=\"font-family: Arial,Helvetica,Geneva,Sans-serif,sans-serif;\"><em>Astrophytum capricorne var. crassispinum<\/em> (H.M\u00f6ller) Okumura. Geht man einmal davon aus, dass Pflanzen aus der unmittelbaren Umgebung von Cuatro Cienegas (km 3-4) die Basis zur Erstbeschreibung lieferten und das Habitat der Mischpopulation ca. 42 km weiter westlich erst sp\u00e4ter entdeckt wurde. Warum sonst wurde das \u201eNiveum\u201c nicht bereits 1925 beschrieben? Kommt man schnell zu der naheliegenden Vermutung, dass es noch einen anderen Standort geben muss dessen Pflanzenmaterial als Basis f\u00fcr die 1925 erstellte Erstbeschreibung diente.<br \/>\nDrehen wir die Geschichte einmal zur\u00fcck. Versetzen wir uns in das Mexiko um Zeit der Erstbeschreibungen. Stra\u00dfen bzw. Schotterpisten gab es zu wichtigen Handelspl\u00e4tzen und Bahnstationen. Reisen war daher beschwerlich und sehr zeitaufwendig. Viele Gebiete waren noch nicht erschlossen und somit nur mit Maultieren und Eseln zu erreichen. Der Bruder und gleichzeitig Pflanzensammler von Heinrich M\u00f6ller, Arthur M\u00f6ller lebte in San Pedro de las Colonias, Coahuila, Mexiko inmitten einem artenreichen Kakteenparadies. Das von Arthur M\u00f6ller gesammelte Pflanzenmaterial wurde zu Studienzwecken und Beschreibungen an seinen Bruder Heinrich gesendet. Auf diese Weise entstanden die Erstbeschreibungen von:<\/span><\/p>\n<p align=\"LEFT\"><em><span style=\"font-family: Arial,Helvetica,Geneva,Sans-serif,sans-serif;\">Astrophytum capricorne var. aureum<\/span><\/em> 1925 (H. M\u00f6ller) Okumura, Sierra de la Paila, Coahuila<br \/>\n<em>Astrophytum capricorne var. crassispinum<\/em> 1925 (H. M\u00f6ller) Okumura, Sierra de Parras, Coahuila<br \/>\n<span style=\"font-family: Arial,Helvetica,Geneva,Sans-serif,sans-serif;\"><em>Astrophytum coah<\/em>uilense 1927 (H. M\u00f6ller) Kayser, Cerro Bola, Coahuila<\/span><\/p>\n<p align=\"LEFT\"><span style=\"font-family: Arial,Helvetica,Geneva,Sans-serif,sans-serif;\">Alle Habitate befinden sich im Umfeld des Wohnortes von Arthur M\u00f6ller, teilweise in der unmittelbaren Nachbarschaft. F\u00fcr mich ein Hinweis darauf, den Standort des \u201eCrassispinum\u201c Typs in einer, mit den damaligen Verh\u00e4ltnissen, erreichbaren Region zu vermuten und nicht ca. 200 km weiter n\u00f6rdlich.<br \/>\nWie so oft im Leben kommt der Zufall einem zur Hilfe. Johann Strobl aus \u00d6sterreich, Kakteenliebhaber und Kenner der Mexikanischen Pflanzenwelt, \u00fcbermittelte mir in einem E-Mail Aufnahmen, aus einem mir bis zu diesem Zeitpunkt nicht bekannten Habitat, abseits der bekannten Verbreitungsgebiete. Die abgebildeten Pflanzen hatten gro\u00dfe \u00c4hnlichkeit mit den nudalen Pflanzen aus dem westlichen Gebiet des Bolsons von Cuatro Cienegas, dem heutigen Neotypus (ZSS-019963). Schon damals beschloss ich, dass ich bei meiner n\u00e4chsten Reise dieses Habitat unbedingt besuchen musste. Im Oktober 2014 war es dann soweit, am sp\u00e4ten Vormittag standen mein Reisepartner J\u00fcrgen Boss und ich vor dem gesuchten Habitat und machten uns auf die Suche. Was sich als nicht ganz so einfach herausstellte. War das Gel\u00e4nde doch recht steil und durch gro\u00dfe Felsformationen fast unzug\u00e4nglich. Die ersten, wenn auch sehr kleinen Exemplare, konnten nach einiger Zeit entdeckt werden. Wo kleine Pflanzen sind, m\u00fcssen auch gro\u00dfe Exemplare anzutreffen sein war unsere Devise. Getrieben von diesem Gedanken, stiegen wir immer h\u00f6her in die Felsen. Nach einigen M\u00fchen wurden wir belohnt. Mehrere gro\u00dfe Exemplare konnten entdeckt werden. Die K\u00f6rpergr\u00f6\u00dfe lag bei den gr\u00f6\u00dften Exemplaren zwischen 15 und 18 cm. Anf\u00e4nglich kann der K\u00f6rperbau als kugelig bezeichnet werden. Mit zunehmendem Alter sind die einzelnen K\u00f6rper eher s\u00e4ulig. Ein Teil der Pflanzen hatte eine v\u00f6llig nudale Epidermis. Andere wiederum hatten wenige versprengte relativ gro\u00dfe Wollflocken unregelm\u00e4\u00dfig, meist am Rippenansatz, auf dem Pflanzenk\u00f6rper verteilt. Dazwischen konnten Jungpflanzen mit locker\u00a0 beflockten K\u00f6rpern entdeckt werden. Allerdings gab es keine dicht mit wei\u00dfen Flocken besetzen Exemplare. Die Areolen sind anfangs hell und wollig. Sp\u00e4ter vergraut und filzig werdend. Die Bedornung ist holzig und sehr wehrhaft. Sie umspannt den Pflanzenk\u00f6rper wie ein Netz wobei das untere Dornenpaar sehr stark gebogen ist. Die einzelnen Dornen sind plattgedr\u00fcckt und\u00a0 breit. Im Neutrieb braunschwarz, mit zunehmenden Alter grau und ausgebleicht wirkend. Einige wenige Exemplare wiesen im Neutrieb eine helle aber nicht weniger wehrhafte Bedornung aus. Bl\u00fcten und Samen konnten leider keine entdeckt werden.<br \/>\nOhne die Einzelheiten der Anfangs zitierten Erstbeschreibung im Detail am Standort parat zu haben war ich bereits im Oktober der Meinung, dass es sich bei diesem relativ kleinen Habitat um den seit langen gesuchten und bis dato auch nicht wieder beschriebenen Typ-Standort, von <em>Astrophytum capricorne<\/em><\/span><em> var. crassispinum<\/em> (H. M\u00f6ller) Okumura <span style=\"font-family: Arial,Helvetica,Geneva,Sans-serif,sans-serif;\">handelt. Jetzt nach Analyse und Auswertung meiner Standortaufzeichnungen und bei Vergleichen mit den Merkmalen der Erstbeschreibung bin ich davon \u00fcberzeugt, dass der lange gesuchte Typ-Standort der M\u00f6ller Pflanzen mit diesem Habitat \u00fcbereinstimmt. Sicher k\u00f6nnte man sagen es fehlt noch ein weiteres Indiz um den Vergleich mit M\u00f6ller\u00b4s Pflanzen endg\u00fcltig zu bestehen, n\u00e4mlich die Farbe der Bl\u00fcte! Mittlerweile ist aber auch hinreichend bekannt, dass Pflanzen aus dem Capricorne-Komplex dazu neigen das Rot im Schlund der Bl\u00fcte zu reduzieren. Zusammen mit Heinz Hoock wurde dieser Umstand in einer gemeinschaftlichen Abhandlung 2006 beschrieben.<br \/>\nMit R\u00fccksicht auf das begrenzte Habitat sowie die begrenzte Anzahl der einzelnen Individuen m\u00f6chte ich auf eine genaue Beschreibung des Verbreitungsgebietes verzichten.\u00a0 \u00a0 \u00a0 \u00a0 <\/span><\/p>\n<p align=\"LEFT\"><span style=\"font-family: Arial,Helvetica,Geneva,Sans-serif,sans-serif;\">Literatur<br \/>\nHoock, H. und Kleszewski, K.P. 2006.<em>Astrophytum capricorne<\/em><\/span> (Cactaceae) mit rein gelben Bl\u00fcten. Kakteen And. Sukk.57(1):15-18<br \/>\nMOMBERGER,P.2007.<em><span style=\"font-family: Arial,Helvetica,Geneva,Sans-serif,sans-serif;\">Astrophytum capricorne var. crassispinum<\/span><\/em> (Cactaceae) &#8211; Kl\u00e4rung und Typisierung eines umstrittenen Namens. \u2013 Kakteen And.Sukk.58(2):43-47<br \/>\nMONTANUCCI, R.R.; HOOCK, H. 2013.A Review of the Neotypification of <em><span style=\"font-family: Arial,Helvetica,Geneva,Sans-serif,sans-serif;\">Astrophytum<\/span><\/em><em> capricorne var. crassispinum<\/em> (H. M\u00f6ller) Okumura (Cactacae). J. Bot. Res. Texas 7(1): 355-365<br \/>\nM\u00d6LLER,H.1925.<span style=\"font-family: Arial,Helvetica,Geneva,Sans-serif,sans-serif;\"><em>Echinocactus capricornus<\/em> Dietr. und seine Variet\u00e4ten. Zeitschrift f. Sukkulentenkunde 2(7):127-129 <\/span><\/p>\n","protected":false},"excerpt":{"rendered":"<p>Astrophytum capricorne var. crassispinum (H. M\u00f6ller) Okumura Viele Liebhaber der Gattung Astrophytum haben sich immer wieder mit Astrophytum capricorne var. crassispinum (H. M\u00f6ller) Okumura besch\u00e4ftigt und die unterschiedlichsten Meinungen wurden immer wieder, teils sehr kontrovers, diskutiert. Was macht dieses Thema <a class=\"more-link\" href=\"https:\/\/astrophytum.com\/?page_id=207\">weiterlesen&#8230;<\/a><\/p>\n","protected":false},"author":1,"featured_media":0,"parent":28,"menu_order":0,"comment_status":"closed","ping_status":"closed","template":"","meta":{"footnotes":""},"class_list":["post-207","page","type-page","status-publish","hentry"],"_links":{"self":[{"href":"https:\/\/astrophytum.com\/index.php?rest_route=\/wp\/v2\/pages\/207","targetHints":{"allow":["GET"]}}],"collection":[{"href":"https:\/\/astrophytum.com\/index.php?rest_route=\/wp\/v2\/pages"}],"about":[{"href":"https:\/\/astrophytum.com\/index.php?rest_route=\/wp\/v2\/types\/page"}],"author":[{"embeddable":true,"href":"https:\/\/astrophytum.com\/index.php?rest_route=\/wp\/v2\/users\/1"}],"replies":[{"embeddable":true,"href":"https:\/\/astrophytum.com\/index.php?rest_route=%2Fwp%2Fv2%2Fcomments&post=207"}],"version-history":[{"count":4,"href":"https:\/\/astrophytum.com\/index.php?rest_route=\/wp\/v2\/pages\/207\/revisions"}],"predecessor-version":[{"id":309,"href":"https:\/\/astrophytum.com\/index.php?rest_route=\/wp\/v2\/pages\/207\/revisions\/309"}],"up":[{"embeddable":true,"href":"https:\/\/astrophytum.com\/index.php?rest_route=\/wp\/v2\/pages\/28"}],"wp:attachment":[{"href":"https:\/\/astrophytum.com\/index.php?rest_route=%2Fwp%2Fv2%2Fmedia&parent=207"}],"curies":[{"name":"wp","href":"https:\/\/api.w.org\/{rel}","templated":true}]}}