{"id":28,"date":"2017-10-03T15:55:46","date_gmt":"2017-10-03T15:55:46","guid":{"rendered":"http:\/\/astrophytum.com\/?page_id=28"},"modified":"2017-10-24T10:08:33","modified_gmt":"2017-10-24T10:08:33","slug":"astrophytum-capricorne","status":"publish","type":"page","link":"https:\/\/astrophytum.com\/?page_id=28","title":{"rendered":"Astrophytum capricorne"},"content":{"rendered":"<p><span style=\"color: #808080;\"><span style=\"font-family: Arial;\"><strong><em>Astrophytum capricorne wurde im Jahr 1851 von Dr. Albert DIETRICH als Echinocatus capricornis beschrieben. Erst 1922 wurde diese Art von BRITTON und ROSE zur Gattung Astrophytum gestellt.<br \/>\n<\/em><\/strong><\/span><strong><em><span style=\"font-family: Arial;\">Das Verbreitungs-Gebiet liegt im mexikanischen Bundesstaat Coahuila.<br \/>\nDer Habitus dieser Art ist mehr oder weniger mit den f\u00fcr die ganze Gattung typischen wei\u00dfen Wollflocken \u00fcberzogen.<br \/>\nAuf den Areolen stehen Dornen die mit ihrer gedrehten Form an die H\u00f6rner eines Ziegenbocks erinnern.<br \/>\nDaher der Name \u201ccapricornis\u201d = \u201cziegenhornartig\u201d.<\/span><\/em><\/strong><\/span><\/p>\n<p>&nbsp;<\/p>\n<p><strong>Erstbeschreibung<\/strong>:<\/p>\n<p>DIETRICH, A. (1851): Beitr\u00e4ge zur Cacteenkunde (<em>Echinocactus capricornis<\/em>) Allgemeine Gartenzeitung 19 (35): 274-275<\/p>\n<p>&nbsp;<\/p>\n","protected":false},"excerpt":{"rendered":"<p>Astrophytum capricorne wurde im Jahr 1851 von Dr. Albert DIETRICH als Echinocatus capricornis beschrieben. Erst 1922 wurde diese Art von BRITTON und ROSE zur Gattung Astrophytum gestellt. Das Verbreitungs-Gebiet liegt im mexikanischen Bundesstaat Coahuila. Der Habitus dieser Art ist mehr <a class=\"more-link\" href=\"https:\/\/astrophytum.com\/?page_id=28\">weiterlesen&#8230;<\/a><\/p>\n","protected":false},"author":1,"featured_media":6,"parent":0,"menu_order":0,"comment_status":"closed","ping_status":"closed","template":"","meta":{"footnotes":""},"class_list":["post-28","page","type-page","status-publish","has-post-thumbnail","hentry"],"_links":{"self":[{"href":"https:\/\/astrophytum.com\/index.php?rest_route=\/wp\/v2\/pages\/28","targetHints":{"allow":["GET"]}}],"collection":[{"href":"https:\/\/astrophytum.com\/index.php?rest_route=\/wp\/v2\/pages"}],"about":[{"href":"https:\/\/astrophytum.com\/index.php?rest_route=\/wp\/v2\/types\/page"}],"author":[{"embeddable":true,"href":"https:\/\/astrophytum.com\/index.php?rest_route=\/wp\/v2\/users\/1"}],"replies":[{"embeddable":true,"href":"https:\/\/astrophytum.com\/index.php?rest_route=%2Fwp%2Fv2%2Fcomments&post=28"}],"version-history":[{"count":7,"href":"https:\/\/astrophytum.com\/index.php?rest_route=\/wp\/v2\/pages\/28\/revisions"}],"predecessor-version":[{"id":657,"href":"https:\/\/astrophytum.com\/index.php?rest_route=\/wp\/v2\/pages\/28\/revisions\/657"}],"wp:featuredmedia":[{"embeddable":true,"href":"https:\/\/astrophytum.com\/index.php?rest_route=\/wp\/v2\/media\/6"}],"wp:attachment":[{"href":"https:\/\/astrophytum.com\/index.php?rest_route=%2Fwp%2Fv2%2Fmedia&parent=28"}],"curies":[{"name":"wp","href":"https:\/\/api.w.org\/{rel}","templated":true}]}}