{"id":377,"date":"2017-10-07T13:56:15","date_gmt":"2017-10-07T13:56:15","guid":{"rendered":"http:\/\/astrophytum.com\/?page_id=377"},"modified":"2019-02-11T17:19:12","modified_gmt":"2019-02-11T17:19:12","slug":"vacas","status":"publish","type":"page","link":"https:\/\/astrophytum.com\/?page_id=377","title":{"rendered":"Vacas"},"content":{"rendered":"\n<p>Habitat: Coahuila<br>\u00d6stlich der Stadt Vacas auf  H\u00fcgeln gelegen  H\u00f6he \u00fc.d.Meer: 1502 Meter.\u00a0<br>Pflanzenk\u00f6rper: Aufrecht wachsende, bis zu 25 cm hohe Exemplare. Kugelige K\u00f6rperform. Die Bedornung ist fest und stechend.  Im Alter an der Basis abfallend.<br>Beflockung: Filzigwei\u00dfe Beflockung  dicht auf dem Habitus stehend. Teilweise sind Besch\u00e4digungen an der Beflockung zu erkennen.<br>Bl\u00fcte: Dottergelb<br>Samen: gro\u00df<\/p>\n\n\n<div id=\"attachment_378\" style=\"width: 550px\" class=\"wp-caption alignnone\"><img loading=\"lazy\" decoding=\"async\" aria-describedby=\"caption-attachment-378\" width=\"540\" height=\"405\" class=\"size-large wp-image-378\" alt=\"\" src=\"https:\/\/astrophytum.com\/wp-content\/uploads\/2017\/10\/DSCN1162-1024x768.jpg\" srcset=\"https:\/\/astrophytum.com\/wp-content\/uploads\/2017\/10\/DSCN1162-1024x768.jpg 1024w, https:\/\/astrophytum.com\/wp-content\/uploads\/2017\/10\/DSCN1162-300x225.jpg 300w, https:\/\/astrophytum.com\/wp-content\/uploads\/2017\/10\/DSCN1162-768x576.jpg 768w, https:\/\/astrophytum.com\/wp-content\/uploads\/2017\/10\/DSCN1162.jpg 1600w\" sizes=\"auto, (max-width: 540px) 100vw, 540px\" \/><p id=\"caption-attachment-378\" class=\"wp-caption-text\"><em>Astrophytum capricorne var. capricorne<\/em> bei Vacas, COAH<\/p><\/div>\n<div id=\"attachment_379\" style=\"width: 550px\" class=\"wp-caption alignnone\"><img loading=\"lazy\" decoding=\"async\" aria-describedby=\"caption-attachment-379\" width=\"540\" height=\"405\" class=\"size-large wp-image-379\" alt=\"\" src=\"https:\/\/astrophytum.com\/wp-content\/uploads\/2017\/10\/DSCN1157-1024x768.jpg\" srcset=\"https:\/\/astrophytum.com\/wp-content\/uploads\/2017\/10\/DSCN1157-1024x768.jpg 1024w, https:\/\/astrophytum.com\/wp-content\/uploads\/2017\/10\/DSCN1157-300x225.jpg 300w, https:\/\/astrophytum.com\/wp-content\/uploads\/2017\/10\/DSCN1157-768x576.jpg 768w, https:\/\/astrophytum.com\/wp-content\/uploads\/2017\/10\/DSCN1157.jpg 1600w\" sizes=\"auto, (max-width: 540px) 100vw, 540px\" \/><p id=\"caption-attachment-379\" class=\"wp-caption-text\"><em>Astrophytum capricorne var. capricorne<\/em> bei Vacas, COAH<\/p><\/div>\n<div id=\"attachment_380\" style=\"width: 550px\" class=\"wp-caption alignnone\"><img loading=\"lazy\" decoding=\"async\" aria-describedby=\"caption-attachment-380\" width=\"540\" height=\"405\" class=\"size-large wp-image-380\" alt=\"\" src=\"https:\/\/astrophytum.com\/wp-content\/uploads\/2017\/10\/DSCN1153-1024x768.jpg\" srcset=\"https:\/\/astrophytum.com\/wp-content\/uploads\/2017\/10\/DSCN1153-1024x768.jpg 1024w, https:\/\/astrophytum.com\/wp-content\/uploads\/2017\/10\/DSCN1153-300x225.jpg 300w, https:\/\/astrophytum.com\/wp-content\/uploads\/2017\/10\/DSCN1153-768x576.jpg 768w, https:\/\/astrophytum.com\/wp-content\/uploads\/2017\/10\/DSCN1153.jpg 1600w\" sizes=\"auto, (max-width: 540px) 100vw, 540px\" \/><p id=\"caption-attachment-380\" class=\"wp-caption-text\"><em>Astrophytum capricorne var. capricorne<\/em> bei Vacas, COAH<\/p><\/div>\n<div id=\"attachment_381\" style=\"width: 550px\" class=\"wp-caption alignnone\"><img loading=\"lazy\" decoding=\"async\" aria-describedby=\"caption-attachment-381\" width=\"540\" height=\"405\" class=\"size-large wp-image-381\" alt=\"\" src=\"https:\/\/astrophytum.com\/wp-content\/uploads\/2017\/10\/DSCN1160-1024x768.jpg\" srcset=\"https:\/\/astrophytum.com\/wp-content\/uploads\/2017\/10\/DSCN1160-1024x768.jpg 1024w, https:\/\/astrophytum.com\/wp-content\/uploads\/2017\/10\/DSCN1160-300x225.jpg 300w, https:\/\/astrophytum.com\/wp-content\/uploads\/2017\/10\/DSCN1160-768x576.jpg 768w, https:\/\/astrophytum.com\/wp-content\/uploads\/2017\/10\/DSCN1160.jpg 1600w\" sizes=\"auto, (max-width: 540px) 100vw, 540px\" \/><p id=\"caption-attachment-381\" class=\"wp-caption-text\"><em>Astrophytum capricorne var. capricorne<\/em> bei Vacas, COAH<\/p><\/div>\n<div id=\"attachment_382\" style=\"width: 550px\" class=\"wp-caption alignnone\"><img loading=\"lazy\" decoding=\"async\" aria-describedby=\"caption-attachment-382\" width=\"540\" height=\"405\" class=\"size-large wp-image-382\" alt=\"\" src=\"https:\/\/astrophytum.com\/wp-content\/uploads\/2017\/10\/DSCN1164-1024x768.jpg\" srcset=\"https:\/\/astrophytum.com\/wp-content\/uploads\/2017\/10\/DSCN1164-1024x768.jpg 1024w, https:\/\/astrophytum.com\/wp-content\/uploads\/2017\/10\/DSCN1164-300x225.jpg 300w, https:\/\/astrophytum.com\/wp-content\/uploads\/2017\/10\/DSCN1164-768x576.jpg 768w, https:\/\/astrophytum.com\/wp-content\/uploads\/2017\/10\/DSCN1164.jpg 1600w\" sizes=\"auto, (max-width: 540px) 100vw, 540px\" \/><p id=\"caption-attachment-382\" class=\"wp-caption-text\"><em>Astrophytum capricorne var. capricorne<\/em> bei Vacas, COAH<\/p><\/div>","protected":false},"excerpt":{"rendered":"<p>Habitat: Coahuila\u00d6stlich der Stadt Vacas auf H\u00fcgeln gelegen H\u00f6he \u00fc.d.Meer: 1502 Meter.\u00a0Pflanzenk\u00f6rper: Aufrecht wachsende, bis zu 25 cm hohe Exemplare. Kugelige K\u00f6rperform. Die Bedornung ist fest und stechend. Im Alter an der Basis abfallend.Beflockung: Filzigwei\u00dfe Beflockung dicht auf dem Habitus <a class=\"more-link\" href=\"https:\/\/astrophytum.com\/?page_id=377\">weiterlesen&#8230;<\/a><\/p>\n","protected":false},"author":1,"featured_media":0,"parent":350,"menu_order":0,"comment_status":"closed","ping_status":"closed","template":"","meta":{"footnotes":""},"class_list":["post-377","page","type-page","status-publish","hentry"],"_links":{"self":[{"href":"https:\/\/astrophytum.com\/index.php?rest_route=\/wp\/v2\/pages\/377","targetHints":{"allow":["GET"]}}],"collection":[{"href":"https:\/\/astrophytum.com\/index.php?rest_route=\/wp\/v2\/pages"}],"about":[{"href":"https:\/\/astrophytum.com\/index.php?rest_route=\/wp\/v2\/types\/page"}],"author":[{"embeddable":true,"href":"https:\/\/astrophytum.com\/index.php?rest_route=\/wp\/v2\/users\/1"}],"replies":[{"embeddable":true,"href":"https:\/\/astrophytum.com\/index.php?rest_route=%2Fwp%2Fv2%2Fcomments&post=377"}],"version-history":[{"count":4,"href":"https:\/\/astrophytum.com\/index.php?rest_route=\/wp\/v2\/pages\/377\/revisions"}],"predecessor-version":[{"id":1029,"href":"https:\/\/astrophytum.com\/index.php?rest_route=\/wp\/v2\/pages\/377\/revisions\/1029"}],"up":[{"embeddable":true,"href":"https:\/\/astrophytum.com\/index.php?rest_route=\/wp\/v2\/pages\/350"}],"wp:attachment":[{"href":"https:\/\/astrophytum.com\/index.php?rest_route=%2Fwp%2Fv2%2Fmedia&parent=377"}],"curies":[{"name":"wp","href":"https:\/\/api.w.org\/{rel}","templated":true}]}}