{"id":394,"date":"2017-10-07T15:22:52","date_gmt":"2017-10-07T15:22:52","guid":{"rendered":"http:\/\/astrophytum.com\/?page_id=394"},"modified":"2019-02-11T17:17:12","modified_gmt":"2019-02-11T17:17:12","slug":"bustamante","status":"publish","type":"page","link":"https:\/\/astrophytum.com\/?page_id=394","title":{"rendered":"Bustamante"},"content":{"rendered":"\n<p>Habitat: Nuevo Loen<br>Bei der Stadt Bustamante gelegen  H\u00f6he \u00fc.d.Meer: 568 Meter.<br>Pflanzenk\u00f6rper: Aufrecht wachsende, in einzelnen F\u00e4llen bis zu 28 cm hohe Exemplare. Im Alter s\u00e4ulige K\u00f6rperform. Breite Basis. Sp\u00e4rliche Bedornung .<br>Beflockung: Filzigwei\u00dfe Beflockung  dicht auf dem Habitus stehend. Im Neutrieb rein wei\u00df <\/p>\n\n\n\n<p>\u00a0<\/p>\n\n\n<div id=\"attachment_396\" style=\"width: 550px\" class=\"wp-caption alignnone\"><img loading=\"lazy\" decoding=\"async\" aria-describedby=\"caption-attachment-396\" width=\"540\" height=\"405\" class=\"size-large wp-image-396\" alt=\"\" src=\"https:\/\/astrophytum.com\/wp-content\/uploads\/2017\/10\/DSCN1282kl-1024x768.jpg\" srcset=\"https:\/\/astrophytum.com\/wp-content\/uploads\/2017\/10\/DSCN1282kl-1024x768.jpg 1024w, https:\/\/astrophytum.com\/wp-content\/uploads\/2017\/10\/DSCN1282kl-300x225.jpg 300w, https:\/\/astrophytum.com\/wp-content\/uploads\/2017\/10\/DSCN1282kl-768x576.jpg 768w, https:\/\/astrophytum.com\/wp-content\/uploads\/2017\/10\/DSCN1282kl.jpg 1600w\" sizes=\"auto, (max-width: 540px) 100vw, 540px\" \/><p id=\"caption-attachment-396\" class=\"wp-caption-text\"><em>Astrophytum capricorne var. capricorne<\/em> bei Bustamante, NL<\/p><\/div>\n<div id=\"attachment_395\" style=\"width: 550px\" class=\"wp-caption alignnone\"><img loading=\"lazy\" decoding=\"async\" aria-describedby=\"caption-attachment-395\" width=\"540\" height=\"405\" class=\"size-large wp-image-395\" alt=\"\" src=\"https:\/\/astrophytum.com\/wp-content\/uploads\/2017\/10\/DSCN1284-1024x768.jpg\" srcset=\"https:\/\/astrophytum.com\/wp-content\/uploads\/2017\/10\/DSCN1284-1024x768.jpg 1024w, https:\/\/astrophytum.com\/wp-content\/uploads\/2017\/10\/DSCN1284-300x225.jpg 300w, https:\/\/astrophytum.com\/wp-content\/uploads\/2017\/10\/DSCN1284-768x576.jpg 768w, https:\/\/astrophytum.com\/wp-content\/uploads\/2017\/10\/DSCN1284.jpg 1600w\" sizes=\"auto, (max-width: 540px) 100vw, 540px\" \/><p id=\"caption-attachment-395\" class=\"wp-caption-text\"><em>Astrophytum capricorne var. capricorne<\/em> bei Bustamante, NL<\/p><\/div>\n<div id=\"attachment_397\" style=\"width: 550px\" class=\"wp-caption alignnone\"><img loading=\"lazy\" decoding=\"async\" aria-describedby=\"caption-attachment-397\" width=\"540\" height=\"405\" class=\"size-large wp-image-397\" alt=\"\" src=\"https:\/\/astrophytum.com\/wp-content\/uploads\/2017\/10\/DSCN3010kl-1024x768.jpg\" srcset=\"https:\/\/astrophytum.com\/wp-content\/uploads\/2017\/10\/DSCN3010kl-1024x768.jpg 1024w, https:\/\/astrophytum.com\/wp-content\/uploads\/2017\/10\/DSCN3010kl-300x225.jpg 300w, https:\/\/astrophytum.com\/wp-content\/uploads\/2017\/10\/DSCN3010kl-768x576.jpg 768w, https:\/\/astrophytum.com\/wp-content\/uploads\/2017\/10\/DSCN3010kl.jpg 2048w\" sizes=\"auto, (max-width: 540px) 100vw, 540px\" \/><p id=\"caption-attachment-397\" class=\"wp-caption-text\"><em>Astrophytum capricorne var. capricorne<\/em> bei Bustamante, NL<\/p><\/div>\n<div id=\"attachment_398\" style=\"width: 550px\" class=\"wp-caption alignnone\"><img loading=\"lazy\" decoding=\"async\" aria-describedby=\"caption-attachment-398\" width=\"540\" height=\"405\" class=\"size-large wp-image-398\" alt=\"\" src=\"https:\/\/astrophytum.com\/wp-content\/uploads\/2017\/10\/DSCN3009-1024x768.jpg\" srcset=\"https:\/\/astrophytum.com\/wp-content\/uploads\/2017\/10\/DSCN3009-1024x768.jpg 1024w, https:\/\/astrophytum.com\/wp-content\/uploads\/2017\/10\/DSCN3009-300x225.jpg 300w, https:\/\/astrophytum.com\/wp-content\/uploads\/2017\/10\/DSCN3009-768x576.jpg 768w, https:\/\/astrophytum.com\/wp-content\/uploads\/2017\/10\/DSCN3009.jpg 2048w\" sizes=\"auto, (max-width: 540px) 100vw, 540px\" \/><p id=\"caption-attachment-398\" class=\"wp-caption-text\"><em>Astrophytum capricorne var. capricorne<\/em> bei Bustamante, NL<\/p><\/div>\n<div id=\"attachment_399\" style=\"width: 550px\" class=\"wp-caption alignnone\"><img loading=\"lazy\" decoding=\"async\" aria-describedby=\"caption-attachment-399\" width=\"540\" height=\"405\" class=\"size-large wp-image-399\" alt=\"\" src=\"https:\/\/astrophytum.com\/wp-content\/uploads\/2017\/10\/DSCN3003kl-1024x768.jpg\" srcset=\"https:\/\/astrophytum.com\/wp-content\/uploads\/2017\/10\/DSCN3003kl-1024x768.jpg 1024w, https:\/\/astrophytum.com\/wp-content\/uploads\/2017\/10\/DSCN3003kl-300x225.jpg 300w, https:\/\/astrophytum.com\/wp-content\/uploads\/2017\/10\/DSCN3003kl-768x576.jpg 768w, https:\/\/astrophytum.com\/wp-content\/uploads\/2017\/10\/DSCN3003kl.jpg 2048w\" sizes=\"auto, (max-width: 540px) 100vw, 540px\" \/><p id=\"caption-attachment-399\" class=\"wp-caption-text\"><em>Astrophytum capricorne var. capricorne<\/em> bei Bustamante, NL<\/p><\/div>","protected":false},"excerpt":{"rendered":"<p>Habitat: Nuevo LoenBei der Stadt Bustamante gelegen H\u00f6he \u00fc.d.Meer: 568 Meter.Pflanzenk\u00f6rper: Aufrecht wachsende, in einzelnen F\u00e4llen bis zu 28 cm hohe Exemplare. Im Alter s\u00e4ulige K\u00f6rperform. Breite Basis. Sp\u00e4rliche Bedornung .Beflockung: Filzigwei\u00dfe Beflockung dicht auf dem Habitus stehend. Im Neutrieb <a class=\"more-link\" href=\"https:\/\/astrophytum.com\/?page_id=394\">weiterlesen&#8230;<\/a><\/p>\n","protected":false},"author":1,"featured_media":0,"parent":350,"menu_order":0,"comment_status":"closed","ping_status":"closed","template":"","meta":{"footnotes":""},"class_list":["post-394","page","type-page","status-publish","hentry"],"_links":{"self":[{"href":"https:\/\/astrophytum.com\/index.php?rest_route=\/wp\/v2\/pages\/394","targetHints":{"allow":["GET"]}}],"collection":[{"href":"https:\/\/astrophytum.com\/index.php?rest_route=\/wp\/v2\/pages"}],"about":[{"href":"https:\/\/astrophytum.com\/index.php?rest_route=\/wp\/v2\/types\/page"}],"author":[{"embeddable":true,"href":"https:\/\/astrophytum.com\/index.php?rest_route=\/wp\/v2\/users\/1"}],"replies":[{"embeddable":true,"href":"https:\/\/astrophytum.com\/index.php?rest_route=%2Fwp%2Fv2%2Fcomments&post=394"}],"version-history":[{"count":3,"href":"https:\/\/astrophytum.com\/index.php?rest_route=\/wp\/v2\/pages\/394\/revisions"}],"predecessor-version":[{"id":1025,"href":"https:\/\/astrophytum.com\/index.php?rest_route=\/wp\/v2\/pages\/394\/revisions\/1025"}],"up":[{"embeddable":true,"href":"https:\/\/astrophytum.com\/index.php?rest_route=\/wp\/v2\/pages\/350"}],"wp:attachment":[{"href":"https:\/\/astrophytum.com\/index.php?rest_route=%2Fwp%2Fv2%2Fmedia&parent=394"}],"curies":[{"name":"wp","href":"https:\/\/api.w.org\/{rel}","templated":true}]}}