{"id":41,"date":"2017-10-03T15:56:52","date_gmt":"2017-10-03T15:56:52","guid":{"rendered":"http:\/\/astrophytum.com\/?page_id=41"},"modified":"2017-10-24T10:08:05","modified_gmt":"2017-10-24T10:08:05","slug":"astrophytum-ornatum","status":"publish","type":"page","link":"https:\/\/astrophytum.com\/?page_id=41","title":{"rendered":"Astrophytum ornatum"},"content":{"rendered":"<p><strong><em><span style=\"font-family: Arial;\"><span style=\"color: #808080;\">Astrophytum ornatum ist der s\u00fcdlichste Vertreter dieser Gattung. Das Verbreitungsgebiet erstreckt sich \u00fcber die mexikanischen Bundesstaaten Hidalgo, Queretaro und Guanajuato. Die Art wurde im Jahr 1828 von Professor Auguste Pyrame DE CANDOLLE als Echinocactus ornatus beschrieben.<br \/>\n<\/span><span style=\"color: #6600ff;\"><span style=\"color: #808080;\">Die heimatlichen Habitate sind steile teilweise unzug\u00e4ngliche Bergregionen sowie die Schluchten und Seitent\u00e4ler des Rio Moctezuma. W\u00e4rme und Kalk sind wichtig f\u00fcr das Gedeihen dieser Art.<\/span> <\/span><\/span><\/em><\/strong><\/p>\n<p>&nbsp;<\/p>\n<p><strong>Erstbeschreibung<\/strong>:<\/p>\n<p>DE CANDOLLE, A. P. (1828): <em>Echinocactus ornatus <\/em>Memoires du Museum d&#8217;Hist. Naturelle (Revue de la Famille des Cactees) 17: 114<\/p>\n","protected":false},"excerpt":{"rendered":"<p>Astrophytum ornatum ist der s\u00fcdlichste Vertreter dieser Gattung. Das Verbreitungsgebiet erstreckt sich \u00fcber die mexikanischen Bundesstaaten Hidalgo, Queretaro und Guanajuato. Die Art wurde im Jahr 1828 von Professor Auguste Pyrame DE CANDOLLE als Echinocactus ornatus beschrieben. Die heimatlichen Habitate sind <a class=\"more-link\" href=\"https:\/\/astrophytum.com\/?page_id=41\">weiterlesen&#8230;<\/a><\/p>\n","protected":false},"author":1,"featured_media":7,"parent":0,"menu_order":0,"comment_status":"closed","ping_status":"closed","template":"","meta":{"footnotes":""},"class_list":["post-41","page","type-page","status-publish","has-post-thumbnail","hentry"],"_links":{"self":[{"href":"https:\/\/astrophytum.com\/index.php?rest_route=\/wp\/v2\/pages\/41","targetHints":{"allow":["GET"]}}],"collection":[{"href":"https:\/\/astrophytum.com\/index.php?rest_route=\/wp\/v2\/pages"}],"about":[{"href":"https:\/\/astrophytum.com\/index.php?rest_route=\/wp\/v2\/types\/page"}],"author":[{"embeddable":true,"href":"https:\/\/astrophytum.com\/index.php?rest_route=\/wp\/v2\/users\/1"}],"replies":[{"embeddable":true,"href":"https:\/\/astrophytum.com\/index.php?rest_route=%2Fwp%2Fv2%2Fcomments&post=41"}],"version-history":[{"count":4,"href":"https:\/\/astrophytum.com\/index.php?rest_route=\/wp\/v2\/pages\/41\/revisions"}],"predecessor-version":[{"id":655,"href":"https:\/\/astrophytum.com\/index.php?rest_route=\/wp\/v2\/pages\/41\/revisions\/655"}],"wp:featuredmedia":[{"embeddable":true,"href":"https:\/\/astrophytum.com\/index.php?rest_route=\/wp\/v2\/media\/7"}],"wp:attachment":[{"href":"https:\/\/astrophytum.com\/index.php?rest_route=%2Fwp%2Fv2%2Fmedia&parent=41"}],"curies":[{"name":"wp","href":"https:\/\/api.w.org\/{rel}","templated":true}]}}