{"id":43,"date":"2017-10-03T15:56:41","date_gmt":"2017-10-03T15:56:41","guid":{"rendered":"http:\/\/astrophytum.com\/?page_id=43"},"modified":"2017-10-24T10:10:06","modified_gmt":"2017-10-24T10:10:06","slug":"astrophytum-myriostigma","status":"publish","type":"page","link":"https:\/\/astrophytum.com\/?page_id=43","title":{"rendered":"Astrophytum myriostigma"},"content":{"rendered":"<p><em><strong><span style=\"color: #808080;\">Astrophytum myriostigma wurde im Jahr 1839\u00a0 von Charles LEMAIRE beschrieben.<\/span><\/strong><\/em><br \/>\n<em> <strong> <span style=\"color: #808080;\">Das nat\u00fcrliche Verbreitungs-Gebiet liegt im mexikanischen Bundesstaat San Luis Potosi und erstreckt sich nach Norden bis in den Bundesstaat Tamaulipas hinein.<\/span><\/strong><\/em><br \/>\n<em> <strong> <span style=\"color: #808080;\">Der Habitus dieser Art ist mit wei\u00dfen Wollflocken \u00fcberzogen. Eine Au\u00dfnahme bilden lediglich die nudalen Formen. Eine Bedornung fehlt g\u00e4nzlich.<\/span><\/strong><\/em><br \/>\n<em> <strong> <span style=\"color: #808080;\">Die K\u00f6rperform war ausschlaggebend f\u00fcr den deutschen Namen \u201cBischofsm\u00fctze\u201d\u00a0<\/span><\/strong><\/em><\/p>\n<p>&nbsp;<\/p>\n<p><strong>Erstbeschreibung<\/strong>:<\/p>\n<p>LEMAIRE, CH. (1839): Cactacearum Genera nova Speciesque novae et omnium in Horto Monvillano cultarum: 4-6<\/p>\n<p><strong><span style=\"color: #808080;\">\u00a0<\/span><\/strong><\/p>\n","protected":false},"excerpt":{"rendered":"<p>Astrophytum myriostigma wurde im Jahr 1839\u00a0 von Charles LEMAIRE beschrieben. Das nat\u00fcrliche Verbreitungs-Gebiet liegt im mexikanischen Bundesstaat San Luis Potosi und erstreckt sich nach Norden bis in den Bundesstaat Tamaulipas hinein. Der Habitus dieser Art ist mit wei\u00dfen Wollflocken \u00fcberzogen. <a class=\"more-link\" href=\"https:\/\/astrophytum.com\/?page_id=43\">weiterlesen&#8230;<\/a><\/p>\n","protected":false},"author":1,"featured_media":4,"parent":0,"menu_order":0,"comment_status":"closed","ping_status":"closed","template":"","meta":{"footnotes":""},"class_list":["post-43","page","type-page","status-publish","has-post-thumbnail","hentry"],"_links":{"self":[{"href":"https:\/\/astrophytum.com\/index.php?rest_route=\/wp\/v2\/pages\/43","targetHints":{"allow":["GET"]}}],"collection":[{"href":"https:\/\/astrophytum.com\/index.php?rest_route=\/wp\/v2\/pages"}],"about":[{"href":"https:\/\/astrophytum.com\/index.php?rest_route=\/wp\/v2\/types\/page"}],"author":[{"embeddable":true,"href":"https:\/\/astrophytum.com\/index.php?rest_route=\/wp\/v2\/users\/1"}],"replies":[{"embeddable":true,"href":"https:\/\/astrophytum.com\/index.php?rest_route=%2Fwp%2Fv2%2Fcomments&post=43"}],"version-history":[{"count":5,"href":"https:\/\/astrophytum.com\/index.php?rest_route=\/wp\/v2\/pages\/43\/revisions"}],"predecessor-version":[{"id":659,"href":"https:\/\/astrophytum.com\/index.php?rest_route=\/wp\/v2\/pages\/43\/revisions\/659"}],"wp:featuredmedia":[{"embeddable":true,"href":"https:\/\/astrophytum.com\/index.php?rest_route=\/wp\/v2\/media\/4"}],"wp:attachment":[{"href":"https:\/\/astrophytum.com\/index.php?rest_route=%2Fwp%2Fv2%2Fmedia&parent=43"}],"curies":[{"name":"wp","href":"https:\/\/api.w.org\/{rel}","templated":true}]}}