{"id":443,"date":"2017-10-09T15:09:59","date_gmt":"2017-10-09T15:09:59","guid":{"rendered":"http:\/\/astrophytum.com\/?page_id=443"},"modified":"2019-02-13T11:02:09","modified_gmt":"2019-02-13T11:02:09","slug":"venados-tal","status":"publish","type":"page","link":"https:\/\/astrophytum.com\/?page_id=443","title":{"rendered":"Venados-Tal"},"content":{"rendered":"\n<p>Habitat: Hidalgo<br>Venados-Tal  125-130 km n\u00f6rdlich von Mexiko-City. Gesch\u00fctztes Tal an dessen, nur schwer zu erklimmenden, kalkigen Steilh\u00e4ngen wachsend H\u00f6he \u00fc.d.Meer 1375 Meter.<br>Pflanzenk\u00f6rper: S\u00e4ulige Pflanzen. Dichte Areolen mit 8 &#8211; 11 cm langen goldgelben Dornen. Durchmesser 20-25 cm. K\u00f6rperh\u00f6he bis hin zu 1.80 Meter auch liegend anzutreffen.<br>Beflockung: Im Jugendstadium (ca 13-15 cm) dicht mit wei\u00dfen Wollflocken behaftet. Mit einsetzender Geschlechtsreife nur noch sp\u00e4rliche Beflockung. Streifige oder ganz nudale K\u00f6rper.<br>Bl\u00fcte: Durchmesser 5-6 cm, gelb<br>Samen: gro\u00df<\/p>\n\n\n<div id=\"attachment_444\" style=\"width: 550px\" class=\"wp-caption alignnone\"><img loading=\"lazy\" decoding=\"async\" aria-describedby=\"caption-attachment-444\" width=\"540\" height=\"405\" class=\"size-large wp-image-444\" alt=\"\" src=\"https:\/\/astrophytum.com\/wp-content\/uploads\/2017\/10\/P1040865kfokl-1024x768.jpg\" srcset=\"https:\/\/astrophytum.com\/wp-content\/uploads\/2017\/10\/P1040865kfokl-1024x768.jpg 1024w, https:\/\/astrophytum.com\/wp-content\/uploads\/2017\/10\/P1040865kfokl-300x225.jpg 300w, https:\/\/astrophytum.com\/wp-content\/uploads\/2017\/10\/P1040865kfokl-768x576.jpg 768w\" sizes=\"auto, (max-width: 540px) 100vw, 540px\" \/><p id=\"caption-attachment-444\" class=\"wp-caption-text\"><em>Astrophytum ornatum var. ornatum<\/em> im Venodos-Tal, HGO<\/p><\/div>\n<div id=\"attachment_445\" style=\"width: 550px\" class=\"wp-caption alignnone\"><img loading=\"lazy\" decoding=\"async\" aria-describedby=\"caption-attachment-445\" width=\"540\" height=\"405\" class=\"size-large wp-image-445\" alt=\"\" src=\"https:\/\/astrophytum.com\/wp-content\/uploads\/2017\/10\/P1040838-1024x768.jpg\" srcset=\"https:\/\/astrophytum.com\/wp-content\/uploads\/2017\/10\/P1040838-1024x768.jpg 1024w, https:\/\/astrophytum.com\/wp-content\/uploads\/2017\/10\/P1040838-300x225.jpg 300w, https:\/\/astrophytum.com\/wp-content\/uploads\/2017\/10\/P1040838-768x576.jpg 768w\" sizes=\"auto, (max-width: 540px) 100vw, 540px\" \/><p id=\"caption-attachment-445\" class=\"wp-caption-text\"><em>Astrophytum ornatum var. ornatum<\/em> im Venodos-Tal, HGO<\/p><\/div>\n<div id=\"attachment_446\" style=\"width: 550px\" class=\"wp-caption alignnone\"><img loading=\"lazy\" decoding=\"async\" aria-describedby=\"caption-attachment-446\" width=\"540\" height=\"405\" class=\"size-large wp-image-446\" alt=\"\" src=\"https:\/\/astrophytum.com\/wp-content\/uploads\/2017\/10\/P1040850kfokl-1024x768.jpg\" srcset=\"https:\/\/astrophytum.com\/wp-content\/uploads\/2017\/10\/P1040850kfokl-1024x768.jpg 1024w, https:\/\/astrophytum.com\/wp-content\/uploads\/2017\/10\/P1040850kfokl-300x225.jpg 300w, https:\/\/astrophytum.com\/wp-content\/uploads\/2017\/10\/P1040850kfokl-768x576.jpg 768w\" sizes=\"auto, (max-width: 540px) 100vw, 540px\" \/><p id=\"caption-attachment-446\" class=\"wp-caption-text\"><em>Astrophytum ornatum var. ornatum<\/em> im Venodos-Tal, HGO<\/p><\/div>\n<div id=\"attachment_447\" style=\"width: 550px\" class=\"wp-caption alignnone\"><img loading=\"lazy\" decoding=\"async\" aria-describedby=\"caption-attachment-447\" width=\"540\" height=\"405\" class=\"size-large wp-image-447\" alt=\"\" src=\"https:\/\/astrophytum.com\/wp-content\/uploads\/2017\/10\/P1040870-1024x768.jpg\" srcset=\"https:\/\/astrophytum.com\/wp-content\/uploads\/2017\/10\/P1040870-1024x768.jpg 1024w, https:\/\/astrophytum.com\/wp-content\/uploads\/2017\/10\/P1040870-300x225.jpg 300w, https:\/\/astrophytum.com\/wp-content\/uploads\/2017\/10\/P1040870-768x576.jpg 768w\" sizes=\"auto, (max-width: 540px) 100vw, 540px\" \/><p id=\"caption-attachment-447\" class=\"wp-caption-text\"><em>Astrophytum ornatum var. ornatum<\/em> im Venodos-Tal, HGO<\/p><\/div>\n<div id=\"attachment_448\" style=\"width: 550px\" class=\"wp-caption alignnone\"><img loading=\"lazy\" decoding=\"async\" aria-describedby=\"caption-attachment-448\" width=\"540\" height=\"405\" class=\"size-large wp-image-448\" alt=\"\" src=\"https:\/\/astrophytum.com\/wp-content\/uploads\/2017\/10\/P1040871-1024x768.jpg\" srcset=\"https:\/\/astrophytum.com\/wp-content\/uploads\/2017\/10\/P1040871-1024x768.jpg 1024w, https:\/\/astrophytum.com\/wp-content\/uploads\/2017\/10\/P1040871-300x225.jpg 300w, https:\/\/astrophytum.com\/wp-content\/uploads\/2017\/10\/P1040871-768x576.jpg 768w\" sizes=\"auto, (max-width: 540px) 100vw, 540px\" \/><p id=\"caption-attachment-448\" class=\"wp-caption-text\"><em>Astrophytum ornatum var. ornatum<\/em> im Venodos-Tal, HGO<\/p><\/div>","protected":false},"excerpt":{"rendered":"<p>Habitat: HidalgoVenados-Tal 125-130 km n\u00f6rdlich von Mexiko-City. Gesch\u00fctztes Tal an dessen, nur schwer zu erklimmenden, kalkigen Steilh\u00e4ngen wachsend H\u00f6he \u00fc.d.Meer 1375 Meter.Pflanzenk\u00f6rper: S\u00e4ulige Pflanzen. Dichte Areolen mit 8 &#8211; 11 cm langen goldgelben Dornen. Durchmesser 20-25 cm. K\u00f6rperh\u00f6he bis hin <a class=\"more-link\" href=\"https:\/\/astrophytum.com\/?page_id=443\">weiterlesen&#8230;<\/a><\/p>\n","protected":false},"author":1,"featured_media":0,"parent":439,"menu_order":0,"comment_status":"closed","ping_status":"closed","template":"","meta":{"footnotes":""},"class_list":["post-443","page","type-page","status-publish","hentry"],"_links":{"self":[{"href":"https:\/\/astrophytum.com\/index.php?rest_route=\/wp\/v2\/pages\/443","targetHints":{"allow":["GET"]}}],"collection":[{"href":"https:\/\/astrophytum.com\/index.php?rest_route=\/wp\/v2\/pages"}],"about":[{"href":"https:\/\/astrophytum.com\/index.php?rest_route=\/wp\/v2\/types\/page"}],"author":[{"embeddable":true,"href":"https:\/\/astrophytum.com\/index.php?rest_route=\/wp\/v2\/users\/1"}],"replies":[{"embeddable":true,"href":"https:\/\/astrophytum.com\/index.php?rest_route=%2Fwp%2Fv2%2Fcomments&post=443"}],"version-history":[{"count":2,"href":"https:\/\/astrophytum.com\/index.php?rest_route=\/wp\/v2\/pages\/443\/revisions"}],"predecessor-version":[{"id":1040,"href":"https:\/\/astrophytum.com\/index.php?rest_route=\/wp\/v2\/pages\/443\/revisions\/1040"}],"up":[{"embeddable":true,"href":"https:\/\/astrophytum.com\/index.php?rest_route=\/wp\/v2\/pages\/439"}],"wp:attachment":[{"href":"https:\/\/astrophytum.com\/index.php?rest_route=%2Fwp%2Fv2%2Fmedia&parent=443"}],"curies":[{"name":"wp","href":"https:\/\/api.w.org\/{rel}","templated":true}]}}