{"id":487,"date":"2017-10-09T15:39:48","date_gmt":"2017-10-09T15:39:48","guid":{"rendered":"http:\/\/astrophytum.com\/?page_id=487"},"modified":"2019-02-13T10:53:00","modified_gmt":"2019-02-13T10:53:00","slug":"penamiller","status":"publish","type":"page","link":"https:\/\/astrophytum.com\/?page_id=487","title":{"rendered":"Penamiller"},"content":{"rendered":"\n<p>Habitat: Queretaro<br>Im Gebiet um die Ortschaft Penamiller  H\u00f6he \u00fc.d.Meer 1300 Meter.<br>Pflanzenk\u00f6rper: Die Pflanzen besitzen eine schmale Basis. Durchmesser bis ca. 25 cm. Gedrehte Exemplare sind oft anzufinden (spiralig). Dichte, gelbe  stechende Bedornung auf den Areolen.<br>Beflockung: Sp\u00e4rliche gro\u00dfe Beflockung, die als Streifenmuster oder mitunter gar nicht vorhanden ist.<br>Bl\u00fcte: Durchmesser 8-9 cm, dottergelb<br>Samen: gro\u00df<\/p>\n\n\n<div id=\"attachment_488\" style=\"width: 550px\" class=\"wp-caption alignnone\"><img loading=\"lazy\" decoding=\"async\" aria-describedby=\"caption-attachment-488\" width=\"540\" height=\"405\" class=\"size-large wp-image-488\" alt=\"\" src=\"https:\/\/astrophytum.com\/wp-content\/uploads\/2017\/10\/P1040988-1024x768.jpg\" srcset=\"https:\/\/astrophytum.com\/wp-content\/uploads\/2017\/10\/P1040988-1024x768.jpg 1024w, https:\/\/astrophytum.com\/wp-content\/uploads\/2017\/10\/P1040988-300x225.jpg 300w, https:\/\/astrophytum.com\/wp-content\/uploads\/2017\/10\/P1040988-768x576.jpg 768w\" sizes=\"auto, (max-width: 540px) 100vw, 540px\" \/><p id=\"caption-attachment-488\" class=\"wp-caption-text\"><em>Astrophytum ornatum var. ornatum<\/em> bei Penamiller, QRO<\/p><\/div>\n<div id=\"attachment_489\" style=\"width: 550px\" class=\"wp-caption alignnone\"><img loading=\"lazy\" decoding=\"async\" aria-describedby=\"caption-attachment-489\" width=\"540\" height=\"405\" class=\"size-large wp-image-489\" alt=\"\" src=\"https:\/\/astrophytum.com\/wp-content\/uploads\/2017\/10\/P1050001-1024x768.jpg\" srcset=\"https:\/\/astrophytum.com\/wp-content\/uploads\/2017\/10\/P1050001-1024x768.jpg 1024w, https:\/\/astrophytum.com\/wp-content\/uploads\/2017\/10\/P1050001-300x225.jpg 300w, https:\/\/astrophytum.com\/wp-content\/uploads\/2017\/10\/P1050001-768x576.jpg 768w\" sizes=\"auto, (max-width: 540px) 100vw, 540px\" \/><p id=\"caption-attachment-489\" class=\"wp-caption-text\"><em>Astrophytum ornatum var. ornatum<\/em> bei Penamiller, QRO<\/p><\/div>\n<div id=\"attachment_490\" style=\"width: 550px\" class=\"wp-caption alignnone\"><img loading=\"lazy\" decoding=\"async\" aria-describedby=\"caption-attachment-490\" width=\"540\" height=\"405\" class=\"size-large wp-image-490\" alt=\"\" src=\"https:\/\/astrophytum.com\/wp-content\/uploads\/2017\/10\/P1050021-1024x768.jpg\" srcset=\"https:\/\/astrophytum.com\/wp-content\/uploads\/2017\/10\/P1050021-1024x768.jpg 1024w, https:\/\/astrophytum.com\/wp-content\/uploads\/2017\/10\/P1050021-300x225.jpg 300w, https:\/\/astrophytum.com\/wp-content\/uploads\/2017\/10\/P1050021-768x576.jpg 768w\" sizes=\"auto, (max-width: 540px) 100vw, 540px\" \/><p id=\"caption-attachment-490\" class=\"wp-caption-text\"><em>Astrophytum ornatum var. ornatum<\/em> bei Penamiller, QRO<\/p><\/div>\n<div id=\"attachment_491\" style=\"width: 550px\" class=\"wp-caption alignnone\"><img loading=\"lazy\" decoding=\"async\" aria-describedby=\"caption-attachment-491\" width=\"540\" height=\"405\" class=\"size-large wp-image-491\" alt=\"\" src=\"https:\/\/astrophytum.com\/wp-content\/uploads\/2017\/10\/P1040986-1024x768.jpg\" srcset=\"https:\/\/astrophytum.com\/wp-content\/uploads\/2017\/10\/P1040986-1024x768.jpg 1024w, https:\/\/astrophytum.com\/wp-content\/uploads\/2017\/10\/P1040986-300x225.jpg 300w, https:\/\/astrophytum.com\/wp-content\/uploads\/2017\/10\/P1040986-768x576.jpg 768w\" sizes=\"auto, (max-width: 540px) 100vw, 540px\" \/><p id=\"caption-attachment-491\" class=\"wp-caption-text\"><em>Astrophytum ornatum var. ornatum<\/em> bei Penamiller, QRO<\/p><\/div>\n<div id=\"attachment_492\" style=\"width: 550px\" class=\"wp-caption alignnone\"><img loading=\"lazy\" decoding=\"async\" aria-describedby=\"caption-attachment-492\" width=\"540\" height=\"405\" class=\"size-large wp-image-492\" alt=\"\" src=\"https:\/\/astrophytum.com\/wp-content\/uploads\/2017\/10\/P1040992-1024x768.jpg\" srcset=\"https:\/\/astrophytum.com\/wp-content\/uploads\/2017\/10\/P1040992-1024x768.jpg 1024w, https:\/\/astrophytum.com\/wp-content\/uploads\/2017\/10\/P1040992-300x225.jpg 300w, https:\/\/astrophytum.com\/wp-content\/uploads\/2017\/10\/P1040992-768x576.jpg 768w\" sizes=\"auto, (max-width: 540px) 100vw, 540px\" \/><p id=\"caption-attachment-492\" class=\"wp-caption-text\"><em>Astrophytum ornatum var. ornatum<\/em> bei Penamiller, QRO<\/p><\/div>\n<div id=\"attachment_493\" style=\"width: 550px\" class=\"wp-caption alignnone\"><img loading=\"lazy\" decoding=\"async\" aria-describedby=\"caption-attachment-493\" width=\"540\" height=\"720\" class=\"size-large wp-image-493\" alt=\"\" src=\"https:\/\/astrophytum.com\/wp-content\/uploads\/2017\/10\/DSCN1116kl1-768x1024.jpg\" srcset=\"https:\/\/astrophytum.com\/wp-content\/uploads\/2017\/10\/DSCN1116kl1-768x1024.jpg 768w, https:\/\/astrophytum.com\/wp-content\/uploads\/2017\/10\/DSCN1116kl1-225x300.jpg 225w, https:\/\/astrophytum.com\/wp-content\/uploads\/2017\/10\/DSCN1116kl1.jpg 1200w\" sizes=\"auto, (max-width: 540px) 100vw, 540px\" \/><p id=\"caption-attachment-493\" class=\"wp-caption-text\"><em>Astrophytum ornatum var. ornatum <\/em>bei Penamiller, QRO<\/p><\/div>","protected":false},"excerpt":{"rendered":"<p>Habitat: QueretaroIm Gebiet um die Ortschaft Penamiller H\u00f6he \u00fc.d.Meer 1300 Meter.Pflanzenk\u00f6rper: Die Pflanzen besitzen eine schmale Basis. Durchmesser bis ca. 25 cm. Gedrehte Exemplare sind oft anzufinden (spiralig). Dichte, gelbe stechende Bedornung auf den Areolen.Beflockung: Sp\u00e4rliche gro\u00dfe Beflockung, die als <a class=\"more-link\" href=\"https:\/\/astrophytum.com\/?page_id=487\">weiterlesen&#8230;<\/a><\/p>\n","protected":false},"author":1,"featured_media":0,"parent":439,"menu_order":0,"comment_status":"closed","ping_status":"closed","template":"","meta":{"footnotes":""},"class_list":["post-487","page","type-page","status-publish","hentry"],"_links":{"self":[{"href":"https:\/\/astrophytum.com\/index.php?rest_route=\/wp\/v2\/pages\/487","targetHints":{"allow":["GET"]}}],"collection":[{"href":"https:\/\/astrophytum.com\/index.php?rest_route=\/wp\/v2\/pages"}],"about":[{"href":"https:\/\/astrophytum.com\/index.php?rest_route=\/wp\/v2\/types\/page"}],"author":[{"embeddable":true,"href":"https:\/\/astrophytum.com\/index.php?rest_route=\/wp\/v2\/users\/1"}],"replies":[{"embeddable":true,"href":"https:\/\/astrophytum.com\/index.php?rest_route=%2Fwp%2Fv2%2Fcomments&post=487"}],"version-history":[{"count":2,"href":"https:\/\/astrophytum.com\/index.php?rest_route=\/wp\/v2\/pages\/487\/revisions"}],"predecessor-version":[{"id":1038,"href":"https:\/\/astrophytum.com\/index.php?rest_route=\/wp\/v2\/pages\/487\/revisions\/1038"}],"up":[{"embeddable":true,"href":"https:\/\/astrophytum.com\/index.php?rest_route=\/wp\/v2\/pages\/439"}],"wp:attachment":[{"href":"https:\/\/astrophytum.com\/index.php?rest_route=%2Fwp%2Fv2%2Fmedia&parent=487"}],"curies":[{"name":"wp","href":"https:\/\/api.w.org\/{rel}","templated":true}]}}