{"id":525,"date":"2017-10-10T16:30:45","date_gmt":"2017-10-10T16:30:45","guid":{"rendered":"http:\/\/astrophytum.com\/?page_id=525"},"modified":"2019-02-13T10:50:22","modified_gmt":"2019-02-13T10:50:22","slug":"rio-extoraz","status":"publish","type":"page","link":"https:\/\/astrophytum.com\/?page_id=525","title":{"rendered":"Rio Extoraz"},"content":{"rendered":"\n<p>Habitat: Queretaro<br>Im Gebiet des Rio Extoraz auf kalkigen Schotterh\u00fcgeln mit steilabfallenden Klippen H\u00f6he \u00fc.d.Meer: 1680 Meter. <br>Pflanzenk\u00f6rper: Gedrungene Pflanzen. Maximale K\u00f6rperh\u00f6he 70 cm. Durchmesser bis 30 cm. Dicke stechende Bedornung auf den Areolen. Ihr Abstand betr\u00e4gt ca. 3-4 cm. Die Pflanzen\u00a0machen eine robusten Eindruck.<br>Beflockung: Im Jugendstadium (ca 6-8 cm) dicht mit wei\u00dfen Wollflocken behaftet. Mit einsetzender Geschlechtsreife nur noch sp\u00e4rliche Beflockung  Bl\u00fcte: Durchmesser 8-9 cm, dottergelb<br>Samen: gro\u00df<\/p>\n\n\n<div id=\"attachment_526\" style=\"width: 550px\" class=\"wp-caption alignnone\"><img loading=\"lazy\" decoding=\"async\" aria-describedby=\"caption-attachment-526\" width=\"540\" height=\"405\" class=\"size-large wp-image-526\" alt=\"\" src=\"https:\/\/astrophytum.com\/wp-content\/uploads\/2017\/10\/DSCN2800-1024x768.jpg\" srcset=\"https:\/\/astrophytum.com\/wp-content\/uploads\/2017\/10\/DSCN2800-1024x768.jpg 1024w, https:\/\/astrophytum.com\/wp-content\/uploads\/2017\/10\/DSCN2800-300x225.jpg 300w, https:\/\/astrophytum.com\/wp-content\/uploads\/2017\/10\/DSCN2800-768x576.jpg 768w, https:\/\/astrophytum.com\/wp-content\/uploads\/2017\/10\/DSCN2800.jpg 2048w\" sizes=\"auto, (max-width: 540px) 100vw, 540px\" \/><p id=\"caption-attachment-526\" class=\"wp-caption-text\"><em>Astrophytum ornatum var. ornatum<\/em> am Rio Extoraz, QRO<\/p><\/div>\n<div id=\"attachment_527\" style=\"width: 550px\" class=\"wp-caption alignnone\"><img loading=\"lazy\" decoding=\"async\" aria-describedby=\"caption-attachment-527\" width=\"540\" height=\"405\" class=\"size-large wp-image-527\" alt=\"\" src=\"https:\/\/astrophytum.com\/wp-content\/uploads\/2017\/10\/DSCN1113-1024x768.jpg\" srcset=\"https:\/\/astrophytum.com\/wp-content\/uploads\/2017\/10\/DSCN1113-1024x768.jpg 1024w, https:\/\/astrophytum.com\/wp-content\/uploads\/2017\/10\/DSCN1113-300x225.jpg 300w, https:\/\/astrophytum.com\/wp-content\/uploads\/2017\/10\/DSCN1113-768x576.jpg 768w, https:\/\/astrophytum.com\/wp-content\/uploads\/2017\/10\/DSCN1113.jpg 1600w\" sizes=\"auto, (max-width: 540px) 100vw, 540px\" \/><p id=\"caption-attachment-527\" class=\"wp-caption-text\"><em>Astrophytum ornatum var. ornatum<\/em> am Rio Extoraz, QRO<\/p><\/div>","protected":false},"excerpt":{"rendered":"<p>Habitat: QueretaroIm Gebiet des Rio Extoraz auf kalkigen Schotterh\u00fcgeln mit steilabfallenden Klippen H\u00f6he \u00fc.d.Meer: 1680 Meter. Pflanzenk\u00f6rper: Gedrungene Pflanzen. Maximale K\u00f6rperh\u00f6he 70 cm. Durchmesser bis 30 cm. Dicke stechende Bedornung auf den Areolen. Ihr Abstand betr\u00e4gt ca. 3-4 cm. Die <a class=\"more-link\" href=\"https:\/\/astrophytum.com\/?page_id=525\">weiterlesen&#8230;<\/a><\/p>\n","protected":false},"author":1,"featured_media":0,"parent":439,"menu_order":0,"comment_status":"closed","ping_status":"closed","template":"","meta":{"footnotes":""},"class_list":["post-525","page","type-page","status-publish","hentry"],"_links":{"self":[{"href":"https:\/\/astrophytum.com\/index.php?rest_route=\/wp\/v2\/pages\/525","targetHints":{"allow":["GET"]}}],"collection":[{"href":"https:\/\/astrophytum.com\/index.php?rest_route=\/wp\/v2\/pages"}],"about":[{"href":"https:\/\/astrophytum.com\/index.php?rest_route=\/wp\/v2\/types\/page"}],"author":[{"embeddable":true,"href":"https:\/\/astrophytum.com\/index.php?rest_route=\/wp\/v2\/users\/1"}],"replies":[{"embeddable":true,"href":"https:\/\/astrophytum.com\/index.php?rest_route=%2Fwp%2Fv2%2Fcomments&post=525"}],"version-history":[{"count":3,"href":"https:\/\/astrophytum.com\/index.php?rest_route=\/wp\/v2\/pages\/525\/revisions"}],"predecessor-version":[{"id":1037,"href":"https:\/\/astrophytum.com\/index.php?rest_route=\/wp\/v2\/pages\/525\/revisions\/1037"}],"up":[{"embeddable":true,"href":"https:\/\/astrophytum.com\/index.php?rest_route=\/wp\/v2\/pages\/439"}],"wp:attachment":[{"href":"https:\/\/astrophytum.com\/index.php?rest_route=%2Fwp%2Fv2%2Fmedia&parent=525"}],"curies":[{"name":"wp","href":"https:\/\/api.w.org\/{rel}","templated":true}]}}