{"id":551,"date":"2017-10-20T15:34:39","date_gmt":"2017-10-20T15:34:39","guid":{"rendered":"http:\/\/astrophytum.com\/?page_id=551"},"modified":"2019-02-13T11:06:11","modified_gmt":"2019-02-13T11:06:11","slug":"puerta-del-rio","status":"publish","type":"page","link":"https:\/\/astrophytum.com\/?page_id=551","title":{"rendered":"Puerta del Rio"},"content":{"rendered":"\n<p>Habitat: San Luis Potosi\u00a0<br>S\u00fcdwestlich der Stadt Cerritos bei Puerta del Rio H\u00f6he \u00fc.d.Meer 1160 Meter.<br>Pflanzenk\u00f6rper: Flache Pflanzen typische \u201cPotosinum Form\u201d<br>Beflockung: Aufgelockert teilweise fast nudal. Der Habitus wirkt dadurch gr\u00fcnlich. Nudale Pflanzen gedeihen im Schatten bzw. Halbschatten.<br>Bl\u00fcte: Bl\u00fctenbl\u00e4tter dreireihig bei einem Durchmesser von 5,5 &#8211; 6,0 cm, gelb<br>Samen: mittelgro\u00df<\/p>\n\n\n<div id=\"attachment_552\" style=\"width: 550px\" class=\"wp-caption alignnone\"><img loading=\"lazy\" decoding=\"async\" aria-describedby=\"caption-attachment-552\" width=\"540\" height=\"405\" class=\"size-large wp-image-552\" alt=\"\" src=\"https:\/\/astrophytum.com\/wp-content\/uploads\/2017\/10\/P1050052-1024x768.jpg\" srcset=\"https:\/\/astrophytum.com\/wp-content\/uploads\/2017\/10\/P1050052-1024x768.jpg 1024w, https:\/\/astrophytum.com\/wp-content\/uploads\/2017\/10\/P1050052-300x225.jpg 300w, https:\/\/astrophytum.com\/wp-content\/uploads\/2017\/10\/P1050052-768x576.jpg 768w\" sizes=\"auto, (max-width: 540px) 100vw, 540px\" \/><p id=\"caption-attachment-552\" class=\"wp-caption-text\"><em>Astrophytum myriostigma var. myriostigma<\/em> bei Puerta del Rio, SLP<\/p><\/div>\n<div id=\"attachment_553\" style=\"width: 550px\" class=\"wp-caption alignnone\"><img loading=\"lazy\" decoding=\"async\" aria-describedby=\"caption-attachment-553\" width=\"540\" height=\"405\" class=\"size-large wp-image-553\" alt=\"\" src=\"https:\/\/astrophytum.com\/wp-content\/uploads\/2017\/10\/P1050053-1024x768.jpg\" srcset=\"https:\/\/astrophytum.com\/wp-content\/uploads\/2017\/10\/P1050053-1024x768.jpg 1024w, https:\/\/astrophytum.com\/wp-content\/uploads\/2017\/10\/P1050053-300x225.jpg 300w, https:\/\/astrophytum.com\/wp-content\/uploads\/2017\/10\/P1050053-768x576.jpg 768w\" sizes=\"auto, (max-width: 540px) 100vw, 540px\" \/><p id=\"caption-attachment-553\" class=\"wp-caption-text\"><em>Astrophytum myriostigma var. myriostigma<\/em> bei Puerta del Rio, SLP<\/p><\/div>\n<div id=\"attachment_554\" style=\"width: 550px\" class=\"wp-caption alignnone\"><img loading=\"lazy\" decoding=\"async\" aria-describedby=\"caption-attachment-554\" width=\"540\" height=\"405\" class=\"size-large wp-image-554\" alt=\"\" src=\"https:\/\/astrophytum.com\/wp-content\/uploads\/2017\/10\/P1050065kfokl-1024x768.jpg\" srcset=\"https:\/\/astrophytum.com\/wp-content\/uploads\/2017\/10\/P1050065kfokl-1024x768.jpg 1024w, https:\/\/astrophytum.com\/wp-content\/uploads\/2017\/10\/P1050065kfokl-300x225.jpg 300w, https:\/\/astrophytum.com\/wp-content\/uploads\/2017\/10\/P1050065kfokl-768x576.jpg 768w\" sizes=\"auto, (max-width: 540px) 100vw, 540px\" \/><p id=\"caption-attachment-554\" class=\"wp-caption-text\"><em>Astrophytum myriostigma var. myriostigma<\/em> bei Puerta del Rio, SLP<\/p><\/div>\n<div id=\"attachment_555\" style=\"width: 550px\" class=\"wp-caption alignnone\"><img loading=\"lazy\" decoding=\"async\" aria-describedby=\"caption-attachment-555\" width=\"540\" height=\"405\" class=\"size-large wp-image-555\" alt=\"\" src=\"https:\/\/astrophytum.com\/wp-content\/uploads\/2017\/10\/P1050058-1024x768.jpg\" srcset=\"https:\/\/astrophytum.com\/wp-content\/uploads\/2017\/10\/P1050058-1024x768.jpg 1024w, https:\/\/astrophytum.com\/wp-content\/uploads\/2017\/10\/P1050058-300x225.jpg 300w, https:\/\/astrophytum.com\/wp-content\/uploads\/2017\/10\/P1050058-768x576.jpg 768w\" sizes=\"auto, (max-width: 540px) 100vw, 540px\" \/><p id=\"caption-attachment-555\" class=\"wp-caption-text\"><em>Astrophytum myriostigma var. myriostigma<\/em> bei Puerta del Rio, SLP<\/p><\/div>\n<div id=\"attachment_556\" style=\"width: 550px\" class=\"wp-caption alignnone\"><img loading=\"lazy\" decoding=\"async\" aria-describedby=\"caption-attachment-556\" width=\"540\" height=\"405\" class=\"size-large wp-image-556\" alt=\"\" src=\"https:\/\/astrophytum.com\/wp-content\/uploads\/2017\/10\/P1050080kfokl-1024x768.jpg\" srcset=\"https:\/\/astrophytum.com\/wp-content\/uploads\/2017\/10\/P1050080kfokl-1024x768.jpg 1024w, https:\/\/astrophytum.com\/wp-content\/uploads\/2017\/10\/P1050080kfokl-300x225.jpg 300w, https:\/\/astrophytum.com\/wp-content\/uploads\/2017\/10\/P1050080kfokl-768x576.jpg 768w\" sizes=\"auto, (max-width: 540px) 100vw, 540px\" \/><p id=\"caption-attachment-556\" class=\"wp-caption-text\"><em>Astrophytum myriostigma var. myriostigma<\/em> bei Puerta del Rio, SLP<\/p><\/div>\n<div id=\"attachment_557\" style=\"width: 550px\" class=\"wp-caption alignnone\"><img loading=\"lazy\" decoding=\"async\" aria-describedby=\"caption-attachment-557\" width=\"540\" height=\"405\" class=\"size-large wp-image-557\" alt=\"\" src=\"https:\/\/astrophytum.com\/wp-content\/uploads\/2017\/10\/P1050088kl-1024x768.jpg\" srcset=\"https:\/\/astrophytum.com\/wp-content\/uploads\/2017\/10\/P1050088kl-1024x768.jpg 1024w, https:\/\/astrophytum.com\/wp-content\/uploads\/2017\/10\/P1050088kl-300x225.jpg 300w, https:\/\/astrophytum.com\/wp-content\/uploads\/2017\/10\/P1050088kl-768x576.jpg 768w\" sizes=\"auto, (max-width: 540px) 100vw, 540px\" \/><p id=\"caption-attachment-557\" class=\"wp-caption-text\"><em>Astrophytum myriostigma var. myriostigma<\/em> bei Puerta del Rio, SLP<\/p><\/div>","protected":false},"excerpt":{"rendered":"<p>Habitat: San Luis Potosi\u00a0S\u00fcdwestlich der Stadt Cerritos bei Puerta del Rio H\u00f6he \u00fc.d.Meer 1160 Meter.Pflanzenk\u00f6rper: Flache Pflanzen typische \u201cPotosinum Form\u201dBeflockung: Aufgelockert teilweise fast nudal. Der Habitus wirkt dadurch gr\u00fcnlich. Nudale Pflanzen gedeihen im Schatten bzw. Halbschatten.Bl\u00fcte: Bl\u00fctenbl\u00e4tter dreireihig bei einem <a class=\"more-link\" href=\"https:\/\/astrophytum.com\/?page_id=551\">weiterlesen&#8230;<\/a><\/p>\n","protected":false},"author":1,"featured_media":0,"parent":545,"menu_order":0,"comment_status":"closed","ping_status":"closed","template":"","meta":{"footnotes":""},"class_list":["post-551","page","type-page","status-publish","hentry"],"_links":{"self":[{"href":"https:\/\/astrophytum.com\/index.php?rest_route=\/wp\/v2\/pages\/551","targetHints":{"allow":["GET"]}}],"collection":[{"href":"https:\/\/astrophytum.com\/index.php?rest_route=\/wp\/v2\/pages"}],"about":[{"href":"https:\/\/astrophytum.com\/index.php?rest_route=\/wp\/v2\/types\/page"}],"author":[{"embeddable":true,"href":"https:\/\/astrophytum.com\/index.php?rest_route=\/wp\/v2\/users\/1"}],"replies":[{"embeddable":true,"href":"https:\/\/astrophytum.com\/index.php?rest_route=%2Fwp%2Fv2%2Fcomments&post=551"}],"version-history":[{"count":2,"href":"https:\/\/astrophytum.com\/index.php?rest_route=\/wp\/v2\/pages\/551\/revisions"}],"predecessor-version":[{"id":1041,"href":"https:\/\/astrophytum.com\/index.php?rest_route=\/wp\/v2\/pages\/551\/revisions\/1041"}],"up":[{"embeddable":true,"href":"https:\/\/astrophytum.com\/index.php?rest_route=\/wp\/v2\/pages\/545"}],"wp:attachment":[{"href":"https:\/\/astrophytum.com\/index.php?rest_route=%2Fwp%2Fv2%2Fmedia&parent=551"}],"curies":[{"name":"wp","href":"https:\/\/api.w.org\/{rel}","templated":true}]}}