{"id":560,"date":"2017-10-20T15:47:37","date_gmt":"2017-10-20T15:47:37","guid":{"rendered":"http:\/\/astrophytum.com\/?page_id=560"},"modified":"2019-02-13T11:19:06","modified_gmt":"2019-02-13T11:19:06","slug":"mex-57","status":"publish","type":"page","link":"https:\/\/astrophytum.com\/?page_id=560","title":{"rendered":"MEX 57"},"content":{"rendered":"\n<p>Habitat: San Luis Potosi<br>Westlich der Stadt Guadalcazar nahe der Bundesstrasse MEX 57 H\u00f6he \u00fc.d.Meer 1620 &#8211; 1650 Meter.<br>Pflanzenk\u00f6rper: flachkugelig, breit. Runde, gebogene Rippen.<br>Beflockung: Fest am K\u00f6rper haftend. Dicht stehende Wollflocken.<br>Bl\u00fcte: Bl\u00fctenbl\u00e4tter dreireihig bei einem Durchmesser von bis zu 8 cm, dottergelb.<br>Samen: gro\u00df <\/p>\n\n\n<div id=\"attachment_561\" style=\"width: 550px\" class=\"wp-caption alignnone\"><img loading=\"lazy\" decoding=\"async\" aria-describedby=\"caption-attachment-561\" width=\"540\" height=\"405\" class=\"size-large wp-image-561\" alt=\"\" src=\"https:\/\/astrophytum.com\/wp-content\/uploads\/2017\/10\/P1060509kl-1024x768.jpg\" srcset=\"https:\/\/astrophytum.com\/wp-content\/uploads\/2017\/10\/P1060509kl-1024x768.jpg 1024w, https:\/\/astrophytum.com\/wp-content\/uploads\/2017\/10\/P1060509kl-300x225.jpg 300w, https:\/\/astrophytum.com\/wp-content\/uploads\/2017\/10\/P1060509kl-768x576.jpg 768w\" sizes=\"auto, (max-width: 540px) 100vw, 540px\" \/><p id=\"caption-attachment-561\" class=\"wp-caption-text\"><em>Astrophytum myriostigma var. myriostigma<\/em> an der MEX 57, SLP<\/p><\/div>\n<div id=\"attachment_562\" style=\"width: 550px\" class=\"wp-caption alignnone\"><img loading=\"lazy\" decoding=\"async\" aria-describedby=\"caption-attachment-562\" width=\"540\" height=\"405\" class=\"size-large wp-image-562\" alt=\"\" src=\"https:\/\/astrophytum.com\/wp-content\/uploads\/2017\/10\/P1060510-1024x768.jpg\" srcset=\"https:\/\/astrophytum.com\/wp-content\/uploads\/2017\/10\/P1060510-1024x768.jpg 1024w, https:\/\/astrophytum.com\/wp-content\/uploads\/2017\/10\/P1060510-300x225.jpg 300w, https:\/\/astrophytum.com\/wp-content\/uploads\/2017\/10\/P1060510-768x576.jpg 768w\" sizes=\"auto, (max-width: 540px) 100vw, 540px\" \/><p id=\"caption-attachment-562\" class=\"wp-caption-text\"><em>Astrophytum myriostigma var. myriostigma<\/em> an der MEX 57, SLP<\/p><\/div>\n<div id=\"attachment_563\" style=\"width: 550px\" class=\"wp-caption alignnone\"><img loading=\"lazy\" decoding=\"async\" aria-describedby=\"caption-attachment-563\" width=\"540\" height=\"405\" class=\"size-large wp-image-563\" alt=\"\" src=\"https:\/\/astrophytum.com\/wp-content\/uploads\/2017\/10\/P1060501-1024x768.jpg\" srcset=\"https:\/\/astrophytum.com\/wp-content\/uploads\/2017\/10\/P1060501-1024x768.jpg 1024w, https:\/\/astrophytum.com\/wp-content\/uploads\/2017\/10\/P1060501-300x225.jpg 300w, https:\/\/astrophytum.com\/wp-content\/uploads\/2017\/10\/P1060501-768x576.jpg 768w\" sizes=\"auto, (max-width: 540px) 100vw, 540px\" \/><p id=\"caption-attachment-563\" class=\"wp-caption-text\"><em>Astrophytum myriostigma var. myriostigma<\/em> an der MEX 57, SLP<\/p><\/div>\n<div id=\"attachment_564\" style=\"width: 550px\" class=\"wp-caption alignnone\"><img loading=\"lazy\" decoding=\"async\" aria-describedby=\"caption-attachment-564\" width=\"540\" height=\"405\" class=\"size-large wp-image-564\" alt=\"\" src=\"https:\/\/astrophytum.com\/wp-content\/uploads\/2017\/10\/P1060516-1024x768.jpg\" srcset=\"https:\/\/astrophytum.com\/wp-content\/uploads\/2017\/10\/P1060516-1024x768.jpg 1024w, https:\/\/astrophytum.com\/wp-content\/uploads\/2017\/10\/P1060516-300x225.jpg 300w, https:\/\/astrophytum.com\/wp-content\/uploads\/2017\/10\/P1060516-768x576.jpg 768w\" sizes=\"auto, (max-width: 540px) 100vw, 540px\" \/><p id=\"caption-attachment-564\" class=\"wp-caption-text\"><em>Astrophytum myriostigma var. myriostigma<\/em> an der MEX 57, SLP<\/p><\/div>\n<div id=\"attachment_565\" style=\"width: 550px\" class=\"wp-caption alignnone\"><img loading=\"lazy\" decoding=\"async\" aria-describedby=\"caption-attachment-565\" width=\"540\" height=\"405\" class=\"size-large wp-image-565\" alt=\"\" src=\"https:\/\/astrophytum.com\/wp-content\/uploads\/2017\/10\/P1060527-1024x768.jpg\" srcset=\"https:\/\/astrophytum.com\/wp-content\/uploads\/2017\/10\/P1060527-1024x768.jpg 1024w, https:\/\/astrophytum.com\/wp-content\/uploads\/2017\/10\/P1060527-300x225.jpg 300w, https:\/\/astrophytum.com\/wp-content\/uploads\/2017\/10\/P1060527-768x576.jpg 768w\" sizes=\"auto, (max-width: 540px) 100vw, 540px\" \/><p id=\"caption-attachment-565\" class=\"wp-caption-text\"><em>Astrophytum myriostigma var. myriostigma<\/em> an der MEX 57, SLP<\/p><\/div>","protected":false},"excerpt":{"rendered":"<p>Habitat: San Luis PotosiWestlich der Stadt Guadalcazar nahe der Bundesstrasse MEX 57 H\u00f6he \u00fc.d.Meer 1620 &#8211; 1650 Meter.Pflanzenk\u00f6rper: flachkugelig, breit. Runde, gebogene Rippen.Beflockung: Fest am K\u00f6rper haftend. Dicht stehende Wollflocken.Bl\u00fcte: Bl\u00fctenbl\u00e4tter dreireihig bei einem Durchmesser von bis zu 8 cm, <a class=\"more-link\" href=\"https:\/\/astrophytum.com\/?page_id=560\">weiterlesen&#8230;<\/a><\/p>\n","protected":false},"author":1,"featured_media":0,"parent":545,"menu_order":0,"comment_status":"closed","ping_status":"closed","template":"","meta":{"footnotes":""},"class_list":["post-560","page","type-page","status-publish","hentry"],"_links":{"self":[{"href":"https:\/\/astrophytum.com\/index.php?rest_route=\/wp\/v2\/pages\/560","targetHints":{"allow":["GET"]}}],"collection":[{"href":"https:\/\/astrophytum.com\/index.php?rest_route=\/wp\/v2\/pages"}],"about":[{"href":"https:\/\/astrophytum.com\/index.php?rest_route=\/wp\/v2\/types\/page"}],"author":[{"embeddable":true,"href":"https:\/\/astrophytum.com\/index.php?rest_route=\/wp\/v2\/users\/1"}],"replies":[{"embeddable":true,"href":"https:\/\/astrophytum.com\/index.php?rest_route=%2Fwp%2Fv2%2Fcomments&post=560"}],"version-history":[{"count":2,"href":"https:\/\/astrophytum.com\/index.php?rest_route=\/wp\/v2\/pages\/560\/revisions"}],"predecessor-version":[{"id":1045,"href":"https:\/\/astrophytum.com\/index.php?rest_route=\/wp\/v2\/pages\/560\/revisions\/1045"}],"up":[{"embeddable":true,"href":"https:\/\/astrophytum.com\/index.php?rest_route=\/wp\/v2\/pages\/545"}],"wp:attachment":[{"href":"https:\/\/astrophytum.com\/index.php?rest_route=%2Fwp%2Fv2%2Fmedia&parent=560"}],"curies":[{"name":"wp","href":"https:\/\/api.w.org\/{rel}","templated":true}]}}