{"id":568,"date":"2017-10-20T16:22:41","date_gmt":"2017-10-20T16:22:41","guid":{"rendered":"http:\/\/astrophytum.com\/?page_id=568"},"modified":"2019-02-13T11:12:34","modified_gmt":"2019-02-13T11:12:34","slug":"las-tablas","status":"publish","type":"page","link":"https:\/\/astrophytum.com\/?page_id=568","title":{"rendered":"Las Tablas"},"content":{"rendered":"\n<p>Habitat: San Luis Potosi<br>\u00d6stlich der Stadt Cerritos  und n\u00f6rdlich der Stadt Rio Verde bei Las Tablas H\u00f6he \u00fc.d.Meer 1190 &#8211; 1210 Meter.<br>Pflanzenk\u00f6rper: Alle Formen vorhanden, sei es gedr\u00fcckt, flach oder gesteckt.<br>Beflockung: Aufgelockert teilweise sp\u00e4rlich.\u00a0Bei Ber\u00fchrung abfallend, daher wirken die Pflanzen etwas besto\u00dfen.<br>Bl\u00fcte: Bl\u00fctenbl\u00e4tter zweireihig bei einem Durchmesser von 4,0 cm, hellgelb<br>Samen: mittelgro\u00df, teilweise klein<\/p>\n\n\n\n<p>\u00a0\u00a0\u00a0\u00a0\u00a0\u00a0\u00a0\u00a0\u00a0\u00a0\u00a0\u00a0\u00a0\u00a0\u00a0\u00a0\u00a0\u00a0\u00a0\u00a0\u00a0\u00a0\u00a0\u00a0\u00a0\u00a0\u00a0\u00a0\u00a0\u00a0\u00a0\u00a0 <\/p>\n\n\n<div id=\"attachment_570\" style=\"width: 550px\" class=\"wp-caption alignnone\"><img loading=\"lazy\" decoding=\"async\" aria-describedby=\"caption-attachment-570\" width=\"540\" height=\"405\" class=\"size-large wp-image-570\" alt=\"\" src=\"https:\/\/astrophytum.com\/wp-content\/uploads\/2017\/10\/P1050255kl-1024x768.jpg\" srcset=\"https:\/\/astrophytum.com\/wp-content\/uploads\/2017\/10\/P1050255kl-1024x768.jpg 1024w, https:\/\/astrophytum.com\/wp-content\/uploads\/2017\/10\/P1050255kl-300x225.jpg 300w, https:\/\/astrophytum.com\/wp-content\/uploads\/2017\/10\/P1050255kl-768x576.jpg 768w\" sizes=\"auto, (max-width: 540px) 100vw, 540px\" \/><p id=\"caption-attachment-570\" class=\"wp-caption-text\"><em>Astrophytum myriostigma var. myriostigma<\/em> bei Las Tablas, SLP<\/p><\/div>\n<p><img loading=\"lazy\" decoding=\"async\" width=\"540\" height=\"405\" class=\"size-large wp-image-571\" alt=\"\" src=\"https:\/\/astrophytum.com\/wp-content\/uploads\/2017\/10\/P1050246-1024x768.jpg\" srcset=\"https:\/\/astrophytum.com\/wp-content\/uploads\/2017\/10\/P1050246-1024x768.jpg 1024w, https:\/\/astrophytum.com\/wp-content\/uploads\/2017\/10\/P1050246-300x225.jpg 300w, https:\/\/astrophytum.com\/wp-content\/uploads\/2017\/10\/P1050246-768x576.jpg 768w\" sizes=\"auto, (max-width: 540px) 100vw, 540px\" \/><em>Astrophytum myriostigma var. myriostigma<\/em> bei Las Tablas, SLP\n<div class=\"mceTemp\">\n<p>&nbsp;<\/p>\n<p><img loading=\"lazy\" decoding=\"async\" width=\"540\" height=\"405\" class=\"size-large wp-image-569\" alt=\"\" src=\"https:\/\/astrophytum.com\/wp-content\/uploads\/2017\/10\/P1050256klkl-1024x768.jpg\" srcset=\"https:\/\/astrophytum.com\/wp-content\/uploads\/2017\/10\/P1050256klkl-1024x768.jpg 1024w, https:\/\/astrophytum.com\/wp-content\/uploads\/2017\/10\/P1050256klkl-300x225.jpg 300w, https:\/\/astrophytum.com\/wp-content\/uploads\/2017\/10\/P1050256klkl-768x576.jpg 768w\" sizes=\"auto, (max-width: 540px) 100vw, 540px\" \/>&nbsp;<\/p>\n<p><em>Astrophytum myriostigma var. myriostigma<\/em> bei Las Tablas, SLP\n\n<\/p><\/div>\n<div id=\"attachment_572\" style=\"width: 550px\" class=\"wp-caption alignnone\"><img loading=\"lazy\" decoding=\"async\" aria-describedby=\"caption-attachment-572\" width=\"540\" height=\"405\" class=\"size-large wp-image-572\" alt=\"\" src=\"https:\/\/astrophytum.com\/wp-content\/uploads\/2017\/10\/P1050265-1024x768.jpg\" srcset=\"https:\/\/astrophytum.com\/wp-content\/uploads\/2017\/10\/P1050265-1024x768.jpg 1024w, https:\/\/astrophytum.com\/wp-content\/uploads\/2017\/10\/P1050265-300x225.jpg 300w, https:\/\/astrophytum.com\/wp-content\/uploads\/2017\/10\/P1050265-768x576.jpg 768w\" sizes=\"auto, (max-width: 540px) 100vw, 540px\" \/><p id=\"caption-attachment-572\" class=\"wp-caption-text\"><em>Astrophytum myriostigma var. myriostigma<\/em> bei Las Tablas, SLP<\/p><\/div>\n<div id=\"attachment_573\" style=\"width: 550px\" class=\"wp-caption alignnone\"><img loading=\"lazy\" decoding=\"async\" aria-describedby=\"caption-attachment-573\" width=\"540\" height=\"405\" class=\"size-large wp-image-573\" alt=\"\" src=\"https:\/\/astrophytum.com\/wp-content\/uploads\/2017\/10\/P1050235-1024x768.jpg\" srcset=\"https:\/\/astrophytum.com\/wp-content\/uploads\/2017\/10\/P1050235-1024x768.jpg 1024w, https:\/\/astrophytum.com\/wp-content\/uploads\/2017\/10\/P1050235-300x225.jpg 300w, https:\/\/astrophytum.com\/wp-content\/uploads\/2017\/10\/P1050235-768x576.jpg 768w\" sizes=\"auto, (max-width: 540px) 100vw, 540px\" \/><p id=\"caption-attachment-573\" class=\"wp-caption-text\"><em>Astrophytum myriostigma var. myriostigma<\/em> bei Las Tablas, SLP<\/p><\/div>\n<div id=\"attachment_574\" style=\"width: 550px\" class=\"wp-caption alignnone\"><img loading=\"lazy\" decoding=\"async\" aria-describedby=\"caption-attachment-574\" width=\"540\" height=\"405\" class=\"size-large wp-image-574\" alt=\"\" src=\"https:\/\/astrophytum.com\/wp-content\/uploads\/2017\/10\/P1050229-1024x768.jpg\" srcset=\"https:\/\/astrophytum.com\/wp-content\/uploads\/2017\/10\/P1050229-1024x768.jpg 1024w, https:\/\/astrophytum.com\/wp-content\/uploads\/2017\/10\/P1050229-300x225.jpg 300w, https:\/\/astrophytum.com\/wp-content\/uploads\/2017\/10\/P1050229-768x576.jpg 768w\" sizes=\"auto, (max-width: 540px) 100vw, 540px\" \/><p id=\"caption-attachment-574\" class=\"wp-caption-text\"><em>Astrophytum myriostigma var. myriostigma<\/em> bei Las Tablas, SLP<\/p><\/div>","protected":false},"excerpt":{"rendered":"<p>Habitat: San Luis Potosi\u00d6stlich der Stadt Cerritos und n\u00f6rdlich der Stadt Rio Verde bei Las Tablas H\u00f6he \u00fc.d.Meer 1190 &#8211; 1210 Meter.Pflanzenk\u00f6rper: Alle Formen vorhanden, sei es gedr\u00fcckt, flach oder gesteckt.Beflockung: Aufgelockert teilweise sp\u00e4rlich.\u00a0Bei Ber\u00fchrung abfallend, daher wirken die Pflanzen <a class=\"more-link\" href=\"https:\/\/astrophytum.com\/?page_id=568\">weiterlesen&#8230;<\/a><\/p>\n","protected":false},"author":1,"featured_media":0,"parent":545,"menu_order":0,"comment_status":"closed","ping_status":"closed","template":"","meta":{"footnotes":""},"class_list":["post-568","page","type-page","status-publish","hentry"],"_links":{"self":[{"href":"https:\/\/astrophytum.com\/index.php?rest_route=\/wp\/v2\/pages\/568","targetHints":{"allow":["GET"]}}],"collection":[{"href":"https:\/\/astrophytum.com\/index.php?rest_route=\/wp\/v2\/pages"}],"about":[{"href":"https:\/\/astrophytum.com\/index.php?rest_route=\/wp\/v2\/types\/page"}],"author":[{"embeddable":true,"href":"https:\/\/astrophytum.com\/index.php?rest_route=\/wp\/v2\/users\/1"}],"replies":[{"embeddable":true,"href":"https:\/\/astrophytum.com\/index.php?rest_route=%2Fwp%2Fv2%2Fcomments&post=568"}],"version-history":[{"count":3,"href":"https:\/\/astrophytum.com\/index.php?rest_route=\/wp\/v2\/pages\/568\/revisions"}],"predecessor-version":[{"id":1043,"href":"https:\/\/astrophytum.com\/index.php?rest_route=\/wp\/v2\/pages\/568\/revisions\/1043"}],"up":[{"embeddable":true,"href":"https:\/\/astrophytum.com\/index.php?rest_route=\/wp\/v2\/pages\/545"}],"wp:attachment":[{"href":"https:\/\/astrophytum.com\/index.php?rest_route=%2Fwp%2Fv2%2Fmedia&parent=568"}],"curies":[{"name":"wp","href":"https:\/\/api.w.org\/{rel}","templated":true}]}}