{"id":610,"date":"2017-10-22T15:03:17","date_gmt":"2017-10-22T15:03:17","guid":{"rendered":"http:\/\/astrophytum.com\/?page_id=610"},"modified":"2019-02-13T11:09:10","modified_gmt":"2019-02-13T11:09:10","slug":"la-morita","status":"publish","type":"page","link":"https:\/\/astrophytum.com\/?page_id=610","title":{"rendered":"La Morita"},"content":{"rendered":"\n<p>Habitat: San Luis Potosi<br>\u00d6stlich der Stadt Cerritos \u00fcber San Bartolo nach La Morita H\u00f6he \u00fc.d.Meer 1180 Meter.<br>Pflanzenk\u00f6rper: Sehr gro\u00dfe Pflanzen mit breiter Basis und beachtlicher H\u00f6he von bis zu 53 cm.<br>Beflockung: Aufgelockert teilweise fast nudal. Der Habitus wirkt dadurch gr\u00fcnlich.<br>Bl\u00fcte: Bl\u00fctenbl\u00e4tter zweireihig bei einem Durchmesser von 5,5 cm<br>Samen: mittelgro\u00df<\/p>\n\n\n<div id=\"attachment_611\" style=\"width: 550px\" class=\"wp-caption alignnone\"><img loading=\"lazy\" decoding=\"async\" aria-describedby=\"caption-attachment-611\" width=\"540\" height=\"720\" class=\"size-large wp-image-611\" alt=\"\" src=\"https:\/\/astrophytum.com\/wp-content\/uploads\/2017\/10\/DSCN3564-768x1024.jpg\" srcset=\"https:\/\/astrophytum.com\/wp-content\/uploads\/2017\/10\/DSCN3564-768x1024.jpg 768w, https:\/\/astrophytum.com\/wp-content\/uploads\/2017\/10\/DSCN3564-225x300.jpg 225w, https:\/\/astrophytum.com\/wp-content\/uploads\/2017\/10\/DSCN3564.jpg 1536w\" sizes=\"auto, (max-width: 540px) 100vw, 540px\" \/><p id=\"caption-attachment-611\" class=\"wp-caption-text\"><em>Astrophytum myriostigma var. myriostigma<\/em> bei La Morita, SLP<\/p><\/div>\n<div id=\"attachment_612\" style=\"width: 550px\" class=\"wp-caption alignnone\"><img loading=\"lazy\" decoding=\"async\" aria-describedby=\"caption-attachment-612\" width=\"540\" height=\"720\" class=\"size-large wp-image-612\" alt=\"\" src=\"https:\/\/astrophytum.com\/wp-content\/uploads\/2017\/10\/DSCN3947-768x1024.jpg\" srcset=\"https:\/\/astrophytum.com\/wp-content\/uploads\/2017\/10\/DSCN3947-768x1024.jpg 768w, https:\/\/astrophytum.com\/wp-content\/uploads\/2017\/10\/DSCN3947-225x300.jpg 225w, https:\/\/astrophytum.com\/wp-content\/uploads\/2017\/10\/DSCN3947.jpg 1536w\" sizes=\"auto, (max-width: 540px) 100vw, 540px\" \/><p id=\"caption-attachment-612\" class=\"wp-caption-text\"><em>Astrophytum myriostigma var. myriostigma<\/em> bei La Morita, SLP<\/p><\/div>\n<div id=\"attachment_613\" style=\"width: 550px\" class=\"wp-caption alignnone\"><img loading=\"lazy\" decoding=\"async\" aria-describedby=\"caption-attachment-613\" width=\"540\" height=\"405\" class=\"size-large wp-image-613\" alt=\"\" src=\"https:\/\/astrophytum.com\/wp-content\/uploads\/2017\/10\/DSCN3949-1024x768.jpg\" srcset=\"https:\/\/astrophytum.com\/wp-content\/uploads\/2017\/10\/DSCN3949-1024x768.jpg 1024w, https:\/\/astrophytum.com\/wp-content\/uploads\/2017\/10\/DSCN3949-300x225.jpg 300w, https:\/\/astrophytum.com\/wp-content\/uploads\/2017\/10\/DSCN3949-768x576.jpg 768w, https:\/\/astrophytum.com\/wp-content\/uploads\/2017\/10\/DSCN3949.jpg 2048w\" sizes=\"auto, (max-width: 540px) 100vw, 540px\" \/><p id=\"caption-attachment-613\" class=\"wp-caption-text\"><em>Astrophytum myriostigma var. myriostigma<\/em> bei La Morita, SLP<\/p><\/div>\n<div id=\"attachment_614\" style=\"width: 550px\" class=\"wp-caption alignnone\"><img loading=\"lazy\" decoding=\"async\" aria-describedby=\"caption-attachment-614\" width=\"540\" height=\"732\" class=\"size-large wp-image-614\" alt=\"\" src=\"https:\/\/astrophytum.com\/wp-content\/uploads\/2017\/10\/DSCN3613kl-755x1024.jpg\" srcset=\"https:\/\/astrophytum.com\/wp-content\/uploads\/2017\/10\/DSCN3613kl-755x1024.jpg 755w, https:\/\/astrophytum.com\/wp-content\/uploads\/2017\/10\/DSCN3613kl-221x300.jpg 221w, https:\/\/astrophytum.com\/wp-content\/uploads\/2017\/10\/DSCN3613kl-768x1042.jpg 768w, https:\/\/astrophytum.com\/wp-content\/uploads\/2017\/10\/DSCN3613kl.jpg 1359w\" sizes=\"auto, (max-width: 540px) 100vw, 540px\" \/><p id=\"caption-attachment-614\" class=\"wp-caption-text\"><em>Astrophytum myriostigma var. myriostigma<\/em> bei La Morita, SLP<\/p><\/div>\n<div id=\"attachment_615\" style=\"width: 550px\" class=\"wp-caption alignnone\"><img loading=\"lazy\" decoding=\"async\" aria-describedby=\"caption-attachment-615\" width=\"540\" height=\"811\" class=\"size-large wp-image-615\" alt=\"\" src=\"https:\/\/astrophytum.com\/wp-content\/uploads\/2017\/10\/Dia-00089kl-682x1024.jpg\" srcset=\"https:\/\/astrophytum.com\/wp-content\/uploads\/2017\/10\/Dia-00089kl-682x1024.jpg 682w, https:\/\/astrophytum.com\/wp-content\/uploads\/2017\/10\/Dia-00089kl-200x300.jpg 200w, https:\/\/astrophytum.com\/wp-content\/uploads\/2017\/10\/Dia-00089kl-768x1154.jpg 768w\" sizes=\"auto, (max-width: 540px) 100vw, 540px\" \/><p id=\"caption-attachment-615\" class=\"wp-caption-text\"><em>Astrophytum myriostigma var. myriostigma<\/em> bei La Morita, SLP<\/p><\/div>","protected":false},"excerpt":{"rendered":"<p>Habitat: San Luis Potosi\u00d6stlich der Stadt Cerritos \u00fcber San Bartolo nach La Morita H\u00f6he \u00fc.d.Meer 1180 Meter.Pflanzenk\u00f6rper: Sehr gro\u00dfe Pflanzen mit breiter Basis und beachtlicher H\u00f6he von bis zu 53 cm.Beflockung: Aufgelockert teilweise fast nudal. Der Habitus wirkt dadurch gr\u00fcnlich.Bl\u00fcte: <a class=\"more-link\" href=\"https:\/\/astrophytum.com\/?page_id=610\">weiterlesen&#8230;<\/a><\/p>\n","protected":false},"author":1,"featured_media":0,"parent":545,"menu_order":0,"comment_status":"closed","ping_status":"closed","template":"","meta":{"footnotes":""},"class_list":["post-610","page","type-page","status-publish","hentry"],"_links":{"self":[{"href":"https:\/\/astrophytum.com\/index.php?rest_route=\/wp\/v2\/pages\/610","targetHints":{"allow":["GET"]}}],"collection":[{"href":"https:\/\/astrophytum.com\/index.php?rest_route=\/wp\/v2\/pages"}],"about":[{"href":"https:\/\/astrophytum.com\/index.php?rest_route=\/wp\/v2\/types\/page"}],"author":[{"embeddable":true,"href":"https:\/\/astrophytum.com\/index.php?rest_route=\/wp\/v2\/users\/1"}],"replies":[{"embeddable":true,"href":"https:\/\/astrophytum.com\/index.php?rest_route=%2Fwp%2Fv2%2Fcomments&post=610"}],"version-history":[{"count":2,"href":"https:\/\/astrophytum.com\/index.php?rest_route=\/wp\/v2\/pages\/610\/revisions"}],"predecessor-version":[{"id":1042,"href":"https:\/\/astrophytum.com\/index.php?rest_route=\/wp\/v2\/pages\/610\/revisions\/1042"}],"up":[{"embeddable":true,"href":"https:\/\/astrophytum.com\/index.php?rest_route=\/wp\/v2\/pages\/545"}],"wp:attachment":[{"href":"https:\/\/astrophytum.com\/index.php?rest_route=%2Fwp%2Fv2%2Fmedia&parent=610"}],"curies":[{"name":"wp","href":"https:\/\/api.w.org\/{rel}","templated":true}]}}