{"id":627,"date":"2017-10-22T15:52:39","date_gmt":"2017-10-22T15:52:39","guid":{"rendered":"http:\/\/astrophytum.com\/?page_id=627"},"modified":"2019-02-13T11:22:37","modified_gmt":"2019-02-13T11:22:37","slug":"cerritosvillar","status":"publish","type":"page","link":"https:\/\/astrophytum.com\/?page_id=627","title":{"rendered":"Cerritos\/Villar"},"content":{"rendered":"\n<p>Habitat: San Luis Potosi<br>Um die St\u00e4dte Cerritos und Villar. Die Pflanzen gedeihen auf H\u00fcgeln teilweise zwischen den Felsen. Wieder andere Habitate befinden sich mitten im Buschwald  H\u00f6he \u00fc.d.Meer 1170 &#8211; 1250 Meter.<br>Pflanzenk\u00f6rper: Typische runde K\u00f6rperform. Im Alter werden die Pflanzen s\u00e4ulig und vermehren die Rippenzahl. Gro\u00dfe filzige Areolen.<br>Beflockung: Wei\u00dfe fest am K\u00f6rper haftende gro\u00dfe Wollflocken.<br>Bl\u00fcte: Bl\u00fctenbl\u00e4tter dreireihig bei einem Durchmesser von 6,5 &#8211; 8,0 cm, dottergelb.<br>Samen: gro\u00df<\/p>\n\n\n<div id=\"attachment_628\" style=\"width: 550px\" class=\"wp-caption alignnone\"><img loading=\"lazy\" decoding=\"async\" aria-describedby=\"caption-attachment-628\" width=\"540\" height=\"813\" class=\"size-large wp-image-628\" alt=\"\" src=\"https:\/\/astrophytum.com\/wp-content\/uploads\/2017\/10\/Dia-00010Cerritos-680x1024.jpg\" srcset=\"https:\/\/astrophytum.com\/wp-content\/uploads\/2017\/10\/Dia-00010Cerritos-680x1024.jpg 680w, https:\/\/astrophytum.com\/wp-content\/uploads\/2017\/10\/Dia-00010Cerritos-199x300.jpg 199w, https:\/\/astrophytum.com\/wp-content\/uploads\/2017\/10\/Dia-00010Cerritos-768x1157.jpg 768w\" sizes=\"auto, (max-width: 540px) 100vw, 540px\" \/><p id=\"caption-attachment-628\" class=\"wp-caption-text\"><em>Astrophytum myriostigma var. myriostigma<\/em> bei Cerritos, SLP<\/p><\/div>\n<div id=\"attachment_629\" style=\"width: 550px\" class=\"wp-caption alignnone\"><img loading=\"lazy\" decoding=\"async\" aria-describedby=\"caption-attachment-629\" width=\"540\" height=\"360\" class=\"size-large wp-image-629\" alt=\"\" src=\"https:\/\/astrophytum.com\/wp-content\/uploads\/2017\/10\/Dia-00043cerritos-1024x682.jpg\" srcset=\"https:\/\/astrophytum.com\/wp-content\/uploads\/2017\/10\/Dia-00043cerritos-1024x682.jpg 1024w, https:\/\/astrophytum.com\/wp-content\/uploads\/2017\/10\/Dia-00043cerritos-300x200.jpg 300w, https:\/\/astrophytum.com\/wp-content\/uploads\/2017\/10\/Dia-00043cerritos-768x511.jpg 768w\" sizes=\"auto, (max-width: 540px) 100vw, 540px\" \/><p id=\"caption-attachment-629\" class=\"wp-caption-text\"><em>Astrophytum myriostigma var. myriostigma<\/em> bei Cerritos, SLP<\/p><\/div>\n<div id=\"attachment_630\" style=\"width: 550px\" class=\"wp-caption alignnone\"><img loading=\"lazy\" decoding=\"async\" aria-describedby=\"caption-attachment-630\" width=\"540\" height=\"360\" class=\"size-large wp-image-630\" alt=\"\" src=\"https:\/\/astrophytum.com\/wp-content\/uploads\/2017\/10\/Dia-00083Cerritos-1024x682.jpg\" srcset=\"https:\/\/astrophytum.com\/wp-content\/uploads\/2017\/10\/Dia-00083Cerritos-1024x682.jpg 1024w, https:\/\/astrophytum.com\/wp-content\/uploads\/2017\/10\/Dia-00083Cerritos-300x200.jpg 300w, https:\/\/astrophytum.com\/wp-content\/uploads\/2017\/10\/Dia-00083Cerritos-768x511.jpg 768w\" sizes=\"auto, (max-width: 540px) 100vw, 540px\" \/><p id=\"caption-attachment-630\" class=\"wp-caption-text\"><em>Astrophytum myriostigma var. myriostigma<\/em> bei Cerritos, SLP<\/p><\/div>","protected":false},"excerpt":{"rendered":"<p>Habitat: San Luis PotosiUm die St\u00e4dte Cerritos und Villar. Die Pflanzen gedeihen auf H\u00fcgeln teilweise zwischen den Felsen. Wieder andere Habitate befinden sich mitten im Buschwald H\u00f6he \u00fc.d.Meer 1170 &#8211; 1250 Meter.Pflanzenk\u00f6rper: Typische runde K\u00f6rperform. Im Alter werden die Pflanzen <a class=\"more-link\" href=\"https:\/\/astrophytum.com\/?page_id=627\">weiterlesen&#8230;<\/a><\/p>\n","protected":false},"author":1,"featured_media":0,"parent":545,"menu_order":0,"comment_status":"closed","ping_status":"closed","template":"","meta":{"footnotes":""},"class_list":["post-627","page","type-page","status-publish","hentry"],"_links":{"self":[{"href":"https:\/\/astrophytum.com\/index.php?rest_route=\/wp\/v2\/pages\/627","targetHints":{"allow":["GET"]}}],"collection":[{"href":"https:\/\/astrophytum.com\/index.php?rest_route=\/wp\/v2\/pages"}],"about":[{"href":"https:\/\/astrophytum.com\/index.php?rest_route=\/wp\/v2\/types\/page"}],"author":[{"embeddable":true,"href":"https:\/\/astrophytum.com\/index.php?rest_route=\/wp\/v2\/users\/1"}],"replies":[{"embeddable":true,"href":"https:\/\/astrophytum.com\/index.php?rest_route=%2Fwp%2Fv2%2Fcomments&post=627"}],"version-history":[{"count":2,"href":"https:\/\/astrophytum.com\/index.php?rest_route=\/wp\/v2\/pages\/627\/revisions"}],"predecessor-version":[{"id":1046,"href":"https:\/\/astrophytum.com\/index.php?rest_route=\/wp\/v2\/pages\/627\/revisions\/1046"}],"up":[{"embeddable":true,"href":"https:\/\/astrophytum.com\/index.php?rest_route=\/wp\/v2\/pages\/545"}],"wp:attachment":[{"href":"https:\/\/astrophytum.com\/index.php?rest_route=%2Fwp%2Fv2%2Fmedia&parent=627"}],"curies":[{"name":"wp","href":"https:\/\/api.w.org\/{rel}","templated":true}]}}