{"id":633,"date":"2017-10-24T09:49:43","date_gmt":"2017-10-24T09:49:43","guid":{"rendered":"http:\/\/astrophytum.com\/?page_id=633"},"modified":"2019-05-29T10:10:32","modified_gmt":"2019-05-29T10:10:32","slug":"astrophytum-subsp-sanjuanense","status":"publish","type":"page","link":"https:\/\/astrophytum.com\/?page_id=633","title":{"rendered":"Astrophytum subsp. sanjuanense"},"content":{"rendered":"\n<p>Habitat: Coahuila<br>\u00d6stlich von Cuatro Cienegas nahe der Ansiedlung San Juan de Boquillas\u00a0gelegen. Hier auf H\u00e4ngen und auch in der Ebene wachsende Populationen  H\u00f6he \u00fc.d.Meer: 710 &#8211; 750 Meter.<br>Pflanzenk\u00f6rper:  Pflanzen bis zu 25 cm H\u00f6he. Der Habitus weist eine feine wei\u00dfe Beflockung auf.  Die im Neutrieb goldgelben Dornen sind teilweise hart und stechend und umspannen den Pflanzenk\u00f6rper. Die Epidermis schimmert bl\u00e4ulich.<br>Beflockung: feine Beflockung<br>Bl\u00fcte: Dottergelb mit rotem Schlund wobei das Rot nicht konstant ist, sondern abgebaut wird. So k\u00f6nnen hellrote, orange bis hin zu reinen gelben Bl\u00fctenb\u00f6den beobachtet werden. Durchmesser  bis 7,0 cm<br>Samen: gro\u00df<\/p>\n\n\n<p>Erstbeschreibung PAVLICEK, P. 2011. Kaktusy (Brno) 47:(1): 5 4-10<\/p>\n<p>Urspr\u00fcnglich als Neotypus Momberger ULM-18572 von <i>Astrophytum capricorne var. crassispinum <\/i>festgelegt<\/p>\n<p>&nbsp;<\/p>\n<div id=\"attachment_634\" style=\"width: 550px\" class=\"wp-caption alignnone\"><img loading=\"lazy\" decoding=\"async\" aria-describedby=\"caption-attachment-634\" width=\"540\" height=\"405\" class=\"size-large wp-image-634\" alt=\"\" src=\"https:\/\/astrophytum.com\/wp-content\/uploads\/2017\/10\/P1060240-1024x768.jpg\" srcset=\"https:\/\/astrophytum.com\/wp-content\/uploads\/2017\/10\/P1060240-1024x768.jpg 1024w, https:\/\/astrophytum.com\/wp-content\/uploads\/2017\/10\/P1060240-300x225.jpg 300w, https:\/\/astrophytum.com\/wp-content\/uploads\/2017\/10\/P1060240-768x576.jpg 768w\" sizes=\"auto, (max-width: 540px) 100vw, 540px\" \/><p id=\"caption-attachment-634\" class=\"wp-caption-text\"><em>Astrophytum capricorne subsp. sanjuanense <\/em>bei San Juan de Boquillas, COAH<\/p><\/div>\n<div id=\"attachment_635\" style=\"width: 550px\" class=\"wp-caption alignnone\"><img loading=\"lazy\" decoding=\"async\" aria-describedby=\"caption-attachment-635\" width=\"540\" height=\"405\" class=\"size-large wp-image-635\" alt=\"\" src=\"https:\/\/astrophytum.com\/wp-content\/uploads\/2017\/10\/P1060247-1024x768.jpg\" srcset=\"https:\/\/astrophytum.com\/wp-content\/uploads\/2017\/10\/P1060247-1024x768.jpg 1024w, https:\/\/astrophytum.com\/wp-content\/uploads\/2017\/10\/P1060247-300x225.jpg 300w, https:\/\/astrophytum.com\/wp-content\/uploads\/2017\/10\/P1060247-768x576.jpg 768w\" sizes=\"auto, (max-width: 540px) 100vw, 540px\" \/><p id=\"caption-attachment-635\" class=\"wp-caption-text\"><em>Astrophytum capricorne subsp. sanjuanense <\/em>bei San Juan de Boquillas, COAH<\/p><\/div>\n<div id=\"attachment_636\" style=\"width: 550px\" class=\"wp-caption alignnone\"><img loading=\"lazy\" decoding=\"async\" aria-describedby=\"caption-attachment-636\" width=\"540\" height=\"405\" class=\"size-large wp-image-636\" alt=\"\" src=\"https:\/\/astrophytum.com\/wp-content\/uploads\/2017\/10\/P1060252kl-1024x768.jpg\" srcset=\"https:\/\/astrophytum.com\/wp-content\/uploads\/2017\/10\/P1060252kl-1024x768.jpg 1024w, https:\/\/astrophytum.com\/wp-content\/uploads\/2017\/10\/P1060252kl-300x225.jpg 300w, https:\/\/astrophytum.com\/wp-content\/uploads\/2017\/10\/P1060252kl-768x576.jpg 768w\" sizes=\"auto, (max-width: 540px) 100vw, 540px\" \/><p id=\"caption-attachment-636\" class=\"wp-caption-text\"><em>Astrophytum capricorne subsp. sanjuanense <\/em>bei San Juan de Boquillas, COAH<\/p><\/div>\n<div id=\"attachment_637\" style=\"width: 550px\" class=\"wp-caption alignnone\"><img loading=\"lazy\" decoding=\"async\" aria-describedby=\"caption-attachment-637\" width=\"540\" height=\"405\" class=\"size-large wp-image-637\" alt=\"\" src=\"https:\/\/astrophytum.com\/wp-content\/uploads\/2017\/10\/P1060259-1024x768.jpg\" srcset=\"https:\/\/astrophytum.com\/wp-content\/uploads\/2017\/10\/P1060259-1024x768.jpg 1024w, https:\/\/astrophytum.com\/wp-content\/uploads\/2017\/10\/P1060259-300x225.jpg 300w, https:\/\/astrophytum.com\/wp-content\/uploads\/2017\/10\/P1060259-768x576.jpg 768w\" sizes=\"auto, (max-width: 540px) 100vw, 540px\" \/><p id=\"caption-attachment-637\" class=\"wp-caption-text\"><em>Astrophytum capricorne subsp. sanjuanense <\/em>bei San Juan de Boquillas, COAH<\/p><\/div>\n<div id=\"attachment_638\" style=\"width: 550px\" class=\"wp-caption alignnone\"><img loading=\"lazy\" decoding=\"async\" aria-describedby=\"caption-attachment-638\" width=\"540\" height=\"405\" class=\"size-large wp-image-638\" alt=\"\" src=\"https:\/\/astrophytum.com\/wp-content\/uploads\/2017\/10\/P1060255-1024x768.jpg\" srcset=\"https:\/\/astrophytum.com\/wp-content\/uploads\/2017\/10\/P1060255-1024x768.jpg 1024w, https:\/\/astrophytum.com\/wp-content\/uploads\/2017\/10\/P1060255-300x225.jpg 300w, https:\/\/astrophytum.com\/wp-content\/uploads\/2017\/10\/P1060255-768x576.jpg 768w\" sizes=\"auto, (max-width: 540px) 100vw, 540px\" \/><p id=\"caption-attachment-638\" class=\"wp-caption-text\"><em>Astrophytum capricorne subsp. sanjuanense <\/em>bei San Juan de Boquillas, COAH<\/p><\/div>\n<div id=\"attachment_639\" style=\"width: 550px\" class=\"wp-caption alignnone\"><img loading=\"lazy\" decoding=\"async\" aria-describedby=\"caption-attachment-639\" width=\"540\" height=\"405\" class=\"size-large wp-image-639\" alt=\"\" src=\"https:\/\/astrophytum.com\/wp-content\/uploads\/2017\/10\/P1060268-1024x768.jpg\" srcset=\"https:\/\/astrophytum.com\/wp-content\/uploads\/2017\/10\/P1060268-1024x768.jpg 1024w, https:\/\/astrophytum.com\/wp-content\/uploads\/2017\/10\/P1060268-300x225.jpg 300w, https:\/\/astrophytum.com\/wp-content\/uploads\/2017\/10\/P1060268-768x576.jpg 768w\" sizes=\"auto, (max-width: 540px) 100vw, 540px\" \/><p id=\"caption-attachment-639\" class=\"wp-caption-text\"><em>Astrophytum capricorne subsp. sanjuanense <\/em>bei San Juan de Boquillas, COAH<\/p><\/div>\n<p>&nbsp;<\/p>\n<p>&nbsp;<\/p>\n<p>&nbsp;<\/p>","protected":false},"excerpt":{"rendered":"<p>Habitat: Coahuila\u00d6stlich von Cuatro Cienegas nahe der Ansiedlung San Juan de Boquillas\u00a0gelegen. Hier auf H\u00e4ngen und auch in der Ebene wachsende Populationen H\u00f6he \u00fc.d.Meer: 710 &#8211; 750 Meter.Pflanzenk\u00f6rper: Pflanzen bis zu 25 cm H\u00f6he. Der Habitus weist eine feine wei\u00dfe <a class=\"more-link\" href=\"https:\/\/astrophytum.com\/?page_id=633\">weiterlesen&#8230;<\/a><\/p>\n","protected":false},"author":1,"featured_media":0,"parent":28,"menu_order":0,"comment_status":"closed","ping_status":"closed","template":"","meta":{"footnotes":""},"class_list":["post-633","page","type-page","status-publish","hentry"],"_links":{"self":[{"href":"https:\/\/astrophytum.com\/index.php?rest_route=\/wp\/v2\/pages\/633","targetHints":{"allow":["GET"]}}],"collection":[{"href":"https:\/\/astrophytum.com\/index.php?rest_route=\/wp\/v2\/pages"}],"about":[{"href":"https:\/\/astrophytum.com\/index.php?rest_route=\/wp\/v2\/types\/page"}],"author":[{"embeddable":true,"href":"https:\/\/astrophytum.com\/index.php?rest_route=\/wp\/v2\/users\/1"}],"replies":[{"embeddable":true,"href":"https:\/\/astrophytum.com\/index.php?rest_route=%2Fwp%2Fv2%2Fcomments&post=633"}],"version-history":[{"count":5,"href":"https:\/\/astrophytum.com\/index.php?rest_route=\/wp\/v2\/pages\/633\/revisions"}],"predecessor-version":[{"id":1050,"href":"https:\/\/astrophytum.com\/index.php?rest_route=\/wp\/v2\/pages\/633\/revisions\/1050"}],"up":[{"embeddable":true,"href":"https:\/\/astrophytum.com\/index.php?rest_route=\/wp\/v2\/pages\/28"}],"wp:attachment":[{"href":"https:\/\/astrophytum.com\/index.php?rest_route=%2Fwp%2Fv2%2Fmedia&parent=633"}],"curies":[{"name":"wp","href":"https:\/\/api.w.org\/{rel}","templated":true}]}}