{"id":779,"date":"2017-12-09T17:08:46","date_gmt":"2017-12-09T17:08:46","guid":{"rendered":"http:\/\/astrophytum.com\/?page_id=779"},"modified":"2019-08-04T10:51:03","modified_gmt":"2019-08-04T10:51:03","slug":"san-antonio","status":"publish","type":"page","link":"https:\/\/astrophytum.com\/?page_id=779","title":{"rendered":"San Antonio"},"content":{"rendered":"\n<p>Habitat: Tamaulipas<br>Im Norden des Jaumave-Tals. In der N\u00e4he der Ortschaft San Antonio. Das Habitat ist gezeichnet von starker Erosion. Die Pflanzen stehen im Schutz von Str\u00e4uchern und B\u00fcschen H\u00f6he \u00fc.d.Meer 760 Meter.<br>Pflanzenk\u00f6rper: In der Basis breit, ansonsten kugelige Form mit runden Rippen. Vereinzelt k\u00f6nnen 4 rippige Exemplare gefunden werden.<br>Beflockung: Aufgelockert&nbsp;bei Ber\u00fchrung abfallend. Dadurch teilweise starke Sch\u00e4digung.<br>Bl\u00fcte: Bl\u00fctenbl\u00e4tter zweireihig bei einem Durchmesser von 3,5 &#8211; 4 cm, gelb<br>Samen: mittelgro\u00df, teilweise klein<\/p>\n\n\n<div id=\"attachment_784\" style=\"width: 550px\" class=\"wp-caption alignnone\"><img loading=\"lazy\" decoding=\"async\" aria-describedby=\"caption-attachment-784\" class=\"size-large wp-image-784\" src=\"https:\/\/astrophytum.com\/wp-content\/uploads\/2017\/12\/IMG_1031kl-1024x683.jpg\" alt=\"\" width=\"540\" height=\"360\" srcset=\"https:\/\/astrophytum.com\/wp-content\/uploads\/2017\/12\/IMG_1031kl-1024x683.jpg 1024w, https:\/\/astrophytum.com\/wp-content\/uploads\/2017\/12\/IMG_1031kl-300x200.jpg 300w, https:\/\/astrophytum.com\/wp-content\/uploads\/2017\/12\/IMG_1031kl-768x512.jpg 768w\" sizes=\"auto, (max-width: 540px) 100vw, 540px\" \/><p id=\"caption-attachment-784\" class=\"wp-caption-text\"><em>Astrophytum myriostigma subsp. quadricostatum<\/em> bei San Antonio, TAM<\/p><\/div>\n<div id=\"attachment_782\" style=\"width: 550px\" class=\"wp-caption alignnone\"><img loading=\"lazy\" decoding=\"async\" aria-describedby=\"caption-attachment-782\" class=\"size-large wp-image-782\" src=\"https:\/\/astrophytum.com\/wp-content\/uploads\/2017\/12\/P1050770-1024x768.jpg\" alt=\"\" width=\"540\" height=\"405\" srcset=\"https:\/\/astrophytum.com\/wp-content\/uploads\/2017\/12\/P1050770-1024x768.jpg 1024w, https:\/\/astrophytum.com\/wp-content\/uploads\/2017\/12\/P1050770-300x225.jpg 300w, https:\/\/astrophytum.com\/wp-content\/uploads\/2017\/12\/P1050770-768x576.jpg 768w\" sizes=\"auto, (max-width: 540px) 100vw, 540px\" \/><p id=\"caption-attachment-782\" class=\"wp-caption-text\"><em>Astrophytum myriostigma subsp. quadricostatum<\/em> bei San Antonio, TAM<\/p><\/div>\n<div id=\"attachment_781\" style=\"width: 550px\" class=\"wp-caption alignnone\"><img loading=\"lazy\" decoding=\"async\" aria-describedby=\"caption-attachment-781\" class=\"size-large wp-image-781\" src=\"https:\/\/astrophytum.com\/wp-content\/uploads\/2017\/12\/P1050769-1024x768.jpg\" alt=\"\" width=\"540\" height=\"405\" srcset=\"https:\/\/astrophytum.com\/wp-content\/uploads\/2017\/12\/P1050769-1024x768.jpg 1024w, https:\/\/astrophytum.com\/wp-content\/uploads\/2017\/12\/P1050769-300x225.jpg 300w, https:\/\/astrophytum.com\/wp-content\/uploads\/2017\/12\/P1050769-768x576.jpg 768w\" sizes=\"auto, (max-width: 540px) 100vw, 540px\" \/><p id=\"caption-attachment-781\" class=\"wp-caption-text\"><em>Astrophytum myriostigma subsp. quadricostatum<\/em> bei San Antonio, TAM<\/p><\/div>\n<div id=\"attachment_780\" style=\"width: 550px\" class=\"wp-caption alignnone\"><img loading=\"lazy\" decoding=\"async\" aria-describedby=\"caption-attachment-780\" class=\"size-large wp-image-780\" src=\"https:\/\/astrophytum.com\/wp-content\/uploads\/2017\/12\/P1050766-1024x768.jpg\" alt=\"\" width=\"540\" height=\"405\" srcset=\"https:\/\/astrophytum.com\/wp-content\/uploads\/2017\/12\/P1050766-1024x768.jpg 1024w, https:\/\/astrophytum.com\/wp-content\/uploads\/2017\/12\/P1050766-300x225.jpg 300w, https:\/\/astrophytum.com\/wp-content\/uploads\/2017\/12\/P1050766-768x576.jpg 768w\" sizes=\"auto, (max-width: 540px) 100vw, 540px\" \/><p id=\"caption-attachment-780\" class=\"wp-caption-text\"><em>Astrophytum myriostigma subsp. quadricostatum<\/em> bei San Antonio, TAM<\/p><\/div>\n<div id=\"attachment_785\" style=\"width: 550px\" class=\"wp-caption alignnone\"><img loading=\"lazy\" decoding=\"async\" aria-describedby=\"caption-attachment-785\" class=\"size-large wp-image-785\" src=\"https:\/\/astrophytum.com\/wp-content\/uploads\/2017\/12\/Dia-00079kl-680x1024.jpg\" alt=\"\" width=\"540\" height=\"813\" srcset=\"https:\/\/astrophytum.com\/wp-content\/uploads\/2017\/12\/Dia-00079kl-680x1024.jpg 680w, https:\/\/astrophytum.com\/wp-content\/uploads\/2017\/12\/Dia-00079kl-199x300.jpg 199w, https:\/\/astrophytum.com\/wp-content\/uploads\/2017\/12\/Dia-00079kl-768x1157.jpg 768w\" sizes=\"auto, (max-width: 540px) 100vw, 540px\" \/><p id=\"caption-attachment-785\" class=\"wp-caption-text\"><em>Astrophytum myriostigma subsp. quadricostatum<\/em> bei San Antonio, TAM<\/p><\/div>","protected":false},"excerpt":{"rendered":"<p>Habitat: TamaulipasIm Norden des Jaumave-Tals. In der N\u00e4he der Ortschaft San Antonio. Das Habitat ist gezeichnet von starker Erosion. Die Pflanzen stehen im Schutz von Str\u00e4uchern und B\u00fcschen H\u00f6he \u00fc.d.Meer 760 Meter.Pflanzenk\u00f6rper: In der Basis breit, ansonsten kugelige Form mit <a class=\"more-link\" href=\"https:\/\/astrophytum.com\/?page_id=779\">weiterlesen&#8230;<\/a><\/p>\n","protected":false},"author":1,"featured_media":0,"parent":774,"menu_order":0,"comment_status":"closed","ping_status":"closed","template":"","meta":{"footnotes":""},"class_list":["post-779","page","type-page","status-publish","hentry"],"_links":{"self":[{"href":"https:\/\/astrophytum.com\/index.php?rest_route=\/wp\/v2\/pages\/779","targetHints":{"allow":["GET"]}}],"collection":[{"href":"https:\/\/astrophytum.com\/index.php?rest_route=\/wp\/v2\/pages"}],"about":[{"href":"https:\/\/astrophytum.com\/index.php?rest_route=\/wp\/v2\/types\/page"}],"author":[{"embeddable":true,"href":"https:\/\/astrophytum.com\/index.php?rest_route=\/wp\/v2\/users\/1"}],"replies":[{"embeddable":true,"href":"https:\/\/astrophytum.com\/index.php?rest_route=%2Fwp%2Fv2%2Fcomments&post=779"}],"version-history":[{"count":3,"href":"https:\/\/astrophytum.com\/index.php?rest_route=\/wp\/v2\/pages\/779\/revisions"}],"predecessor-version":[{"id":1071,"href":"https:\/\/astrophytum.com\/index.php?rest_route=\/wp\/v2\/pages\/779\/revisions\/1071"}],"up":[{"embeddable":true,"href":"https:\/\/astrophytum.com\/index.php?rest_route=\/wp\/v2\/pages\/774"}],"wp:attachment":[{"href":"https:\/\/astrophytum.com\/index.php?rest_route=%2Fwp%2Fv2%2Fmedia&parent=779"}],"curies":[{"name":"wp","href":"https:\/\/api.w.org\/{rel}","templated":true}]}}