{"id":892,"date":"2019-02-05T16:50:46","date_gmt":"2019-02-05T16:50:46","guid":{"rendered":"http:\/\/astrophytum.com\/?page_id=892"},"modified":"2019-02-05T17:33:36","modified_gmt":"2019-02-05T17:33:36","slug":"kultivar-astrophytum-capricorne-var-senile-cv-krausei","status":"publish","type":"page","link":"https:\/\/astrophytum.com\/?page_id=892","title":{"rendered":"Kultivar Astrophytum capricorne var. senile cv. Krausei"},"content":{"rendered":"<p>Gez\u00fcchtet und kultiviert von Gottfried Krause aus Dresden.<br \/>\nDie so entstandenen Pflanzen bilden Bl\u00fcten ohne\u00a0roten Bl\u00fctenboden aus.<br \/>\nWeitere Bl\u00fctenfarben k\u00f6nnen orange und rot sein.<br \/>\nIm Handel findet man auch Exemplare mit dem Namenzusatz &#8222;Kraussii&#8220;, &#8222;Krausii&#8220;.<\/p>\n<p>&nbsp;<\/p>\n<div id=\"attachment_897\" style=\"width: 550px\" class=\"wp-caption alignnone\"><img loading=\"lazy\" decoding=\"async\" aria-describedby=\"caption-attachment-897\" class=\"size-large wp-image-897\" src=\"https:\/\/astrophytum.com\/wp-content\/uploads\/2019\/02\/P1130207krausei-1024x683.jpg\" alt=\"\" width=\"540\" height=\"360\" srcset=\"https:\/\/astrophytum.com\/wp-content\/uploads\/2019\/02\/P1130207krausei-1024x683.jpg 1024w, https:\/\/astrophytum.com\/wp-content\/uploads\/2019\/02\/P1130207krausei-300x200.jpg 300w, https:\/\/astrophytum.com\/wp-content\/uploads\/2019\/02\/P1130207krausei-768x512.jpg 768w\" sizes=\"auto, (max-width: 540px) 100vw, 540px\" \/><p id=\"caption-attachment-897\" class=\"wp-caption-text\"><em>Kultivar Astrophytum capricorne var. senile cv.<\/em> Krausei<\/p><\/div>\n<div id=\"attachment_893\" style=\"width: 550px\" class=\"wp-caption alignnone\"><img loading=\"lazy\" decoding=\"async\" aria-describedby=\"caption-attachment-893\" class=\"size-large wp-image-893\" src=\"https:\/\/astrophytum.com\/wp-content\/uploads\/2019\/02\/P1220616-1024x683.jpg\" alt=\"\" width=\"540\" height=\"360\" srcset=\"https:\/\/astrophytum.com\/wp-content\/uploads\/2019\/02\/P1220616-1024x683.jpg 1024w, https:\/\/astrophytum.com\/wp-content\/uploads\/2019\/02\/P1220616-300x200.jpg 300w, https:\/\/astrophytum.com\/wp-content\/uploads\/2019\/02\/P1220616-768x512.jpg 768w\" sizes=\"auto, (max-width: 540px) 100vw, 540px\" \/><p id=\"caption-attachment-893\" class=\"wp-caption-text\"><em>Kultivar Astrophytum capricorne var. senile cv. <\/em>Krausei<\/p><\/div>\n<div id=\"attachment_898\" style=\"width: 550px\" class=\"wp-caption alignnone\"><img loading=\"lazy\" decoding=\"async\" aria-describedby=\"caption-attachment-898\" class=\"size-large wp-image-898\" src=\"https:\/\/astrophytum.com\/wp-content\/uploads\/2019\/02\/IMG_0721kfokl-1024x683.jpg\" alt=\"\" width=\"540\" height=\"360\" srcset=\"https:\/\/astrophytum.com\/wp-content\/uploads\/2019\/02\/IMG_0721kfokl-1024x683.jpg 1024w, https:\/\/astrophytum.com\/wp-content\/uploads\/2019\/02\/IMG_0721kfokl-300x200.jpg 300w, https:\/\/astrophytum.com\/wp-content\/uploads\/2019\/02\/IMG_0721kfokl-768x512.jpg 768w\" sizes=\"auto, (max-width: 540px) 100vw, 540px\" \/><p id=\"caption-attachment-898\" class=\"wp-caption-text\"><em>Kultivar Astrophytum capricorne var. senile<\/em> cv. Krausei<\/p><\/div>\n<p>&nbsp;<\/p>\n<p>&nbsp;<\/p>\n","protected":false},"excerpt":{"rendered":"<p>Gez\u00fcchtet und kultiviert von Gottfried Krause aus Dresden. Die so entstandenen Pflanzen bilden Bl\u00fcten ohne\u00a0roten Bl\u00fctenboden aus. Weitere Bl\u00fctenfarben k\u00f6nnen orange und rot sein. Im Handel findet man auch Exemplare mit dem Namenzusatz &#8222;Kraussii&#8220;, &#8222;Krausii&#8220;. &nbsp; &nbsp; &nbsp;<\/p>\n","protected":false},"author":1,"featured_media":0,"parent":865,"menu_order":0,"comment_status":"closed","ping_status":"closed","template":"","meta":{"footnotes":""},"class_list":["post-892","page","type-page","status-publish","hentry"],"_links":{"self":[{"href":"https:\/\/astrophytum.com\/index.php?rest_route=\/wp\/v2\/pages\/892","targetHints":{"allow":["GET"]}}],"collection":[{"href":"https:\/\/astrophytum.com\/index.php?rest_route=\/wp\/v2\/pages"}],"about":[{"href":"https:\/\/astrophytum.com\/index.php?rest_route=\/wp\/v2\/types\/page"}],"author":[{"embeddable":true,"href":"https:\/\/astrophytum.com\/index.php?rest_route=\/wp\/v2\/users\/1"}],"replies":[{"embeddable":true,"href":"https:\/\/astrophytum.com\/index.php?rest_route=%2Fwp%2Fv2%2Fcomments&post=892"}],"version-history":[{"count":7,"href":"https:\/\/astrophytum.com\/index.php?rest_route=\/wp\/v2\/pages\/892\/revisions"}],"predecessor-version":[{"id":923,"href":"https:\/\/astrophytum.com\/index.php?rest_route=\/wp\/v2\/pages\/892\/revisions\/923"}],"up":[{"embeddable":true,"href":"https:\/\/astrophytum.com\/index.php?rest_route=\/wp\/v2\/pages\/865"}],"wp:attachment":[{"href":"https:\/\/astrophytum.com\/index.php?rest_route=%2Fwp%2Fv2%2Fmedia&parent=892"}],"curies":[{"name":"wp","href":"https:\/\/api.w.org\/{rel}","templated":true}]}}