{"id":985,"date":"2019-02-10T16:54:39","date_gmt":"2019-02-10T16:54:39","guid":{"rendered":"http:\/\/astrophytum.com\/?page_id=985"},"modified":"2019-02-10T16:54:39","modified_gmt":"2019-02-10T16:54:39","slug":"kultivar-astrophytum-asterias-cv-siyowa","status":"publish","type":"page","link":"https:\/\/astrophytum.com\/?page_id=985","title":{"rendered":"Kultivar Astrophytum asterias cv. Siyowa"},"content":{"rendered":"<p>Die aus Japan stammende Z\u00fcchtung wurde aufgrund der d\u00fcnnen Petalen &#8222;Siyowa&#8220; genannt (Haare).<br \/>\nDiese Z\u00fcchtung gibt es in den unterschiedlichsten Farbvarianten und Rassen.<\/p>\n<div id=\"attachment_986\" style=\"width: 550px\" class=\"wp-caption alignnone\"><img loading=\"lazy\" decoding=\"async\" aria-describedby=\"caption-attachment-986\" class=\"size-large wp-image-986\" src=\"https:\/\/astrophytum.com\/wp-content\/uploads\/2019\/02\/P1010014kl-1024x768.jpg\" alt=\"\" width=\"540\" height=\"405\" srcset=\"https:\/\/astrophytum.com\/wp-content\/uploads\/2019\/02\/P1010014kl-1024x768.jpg 1024w, https:\/\/astrophytum.com\/wp-content\/uploads\/2019\/02\/P1010014kl-300x225.jpg 300w, https:\/\/astrophytum.com\/wp-content\/uploads\/2019\/02\/P1010014kl-768x576.jpg 768w\" sizes=\"auto, (max-width: 540px) 100vw, 540px\" \/><p id=\"caption-attachment-986\" class=\"wp-caption-text\"><em>Kultivar Astrophytum asterias cv. Siyowa<\/em><\/p><\/div>\n<div id=\"attachment_987\" style=\"width: 550px\" class=\"wp-caption alignnone\"><img loading=\"lazy\" decoding=\"async\" aria-describedby=\"caption-attachment-987\" class=\"size-large wp-image-987\" src=\"https:\/\/astrophytum.com\/wp-content\/uploads\/2019\/02\/P1010032kfokl-1024x768.jpg\" alt=\"\" width=\"540\" height=\"405\" srcset=\"https:\/\/astrophytum.com\/wp-content\/uploads\/2019\/02\/P1010032kfokl-1024x768.jpg 1024w, https:\/\/astrophytum.com\/wp-content\/uploads\/2019\/02\/P1010032kfokl-300x225.jpg 300w, https:\/\/astrophytum.com\/wp-content\/uploads\/2019\/02\/P1010032kfokl-768x576.jpg 768w\" sizes=\"auto, (max-width: 540px) 100vw, 540px\" \/><p id=\"caption-attachment-987\" class=\"wp-caption-text\"><em>Kultivar Astrophytum asterias cv. Siyowa<\/em><\/p><\/div>\n<p>&nbsp;<\/p>\n<p>&nbsp;<\/p>\n","protected":false},"excerpt":{"rendered":"<p>Die aus Japan stammende Z\u00fcchtung wurde aufgrund der d\u00fcnnen Petalen &#8222;Siyowa&#8220; genannt (Haare). Diese Z\u00fcchtung gibt es in den unterschiedlichsten Farbvarianten und Rassen. &nbsp; &nbsp;<\/p>\n","protected":false},"author":1,"featured_media":0,"parent":865,"menu_order":0,"comment_status":"closed","ping_status":"closed","template":"","meta":{"footnotes":""},"class_list":["post-985","page","type-page","status-publish","hentry"],"_links":{"self":[{"href":"https:\/\/astrophytum.com\/index.php?rest_route=\/wp\/v2\/pages\/985","targetHints":{"allow":["GET"]}}],"collection":[{"href":"https:\/\/astrophytum.com\/index.php?rest_route=\/wp\/v2\/pages"}],"about":[{"href":"https:\/\/astrophytum.com\/index.php?rest_route=\/wp\/v2\/types\/page"}],"author":[{"embeddable":true,"href":"https:\/\/astrophytum.com\/index.php?rest_route=\/wp\/v2\/users\/1"}],"replies":[{"embeddable":true,"href":"https:\/\/astrophytum.com\/index.php?rest_route=%2Fwp%2Fv2%2Fcomments&post=985"}],"version-history":[{"count":2,"href":"https:\/\/astrophytum.com\/index.php?rest_route=\/wp\/v2\/pages\/985\/revisions"}],"predecessor-version":[{"id":989,"href":"https:\/\/astrophytum.com\/index.php?rest_route=\/wp\/v2\/pages\/985\/revisions\/989"}],"up":[{"embeddable":true,"href":"https:\/\/astrophytum.com\/index.php?rest_route=\/wp\/v2\/pages\/865"}],"wp:attachment":[{"href":"https:\/\/astrophytum.com\/index.php?rest_route=%2Fwp%2Fv2%2Fmedia&parent=985"}],"curies":[{"name":"wp","href":"https:\/\/api.w.org\/{rel}","templated":true}]}}